{"id":21171,"date":"2024-11-06T11:46:56","date_gmt":"2024-11-06T11:57:20","guid":{"rendered":"https:\/\/peekandpack.com\/?post_type=product&#038;p=21171"},"modified":"2024-11-06T11:57:40","modified_gmt":"2024-11-06T11:57:40","slug":"silla-oficina-kevi-2533-de-montana","status":"publish","type":"product","link":"https:\/\/peekandpack.com\/es\/producto\/silla-oficina-kevi-2533-de-montana\/","title":{"rendered":"SILLA OFICINA KEVI 2533 DE MONTANA"},"content":{"rendered":"<p><em>KEVI 2533<\/em> de MONTANA es una silla de oficina cl\u00e1sica que ha marcado tendencia en oficinas de todo el mundo durante m\u00e1s de 60 a\u00f1os. Esta silla de oficina tiene un dise\u00f1o sencillo y atemporal que encaja en cualquier lugar de trabajo.<\/p>\n<p>Est\u00e1 equipada con una altura regulable que permite al usuario ajustar la silla a una posici\u00f3n c\u00f3moda. La silla tambi\u00e9n est\u00e1 equipada con una funci\u00f3n giratoria, que facilita el movimiento de la silla mientras se est\u00e1 sentado.<\/p>\n<p>Hecho en Dinamarca<\/p>\n<p>Envio: 8-10 d\u00edas<\/p>\n","protected":false},"excerpt":{"rendered":"<p>Silla de oficina Montana<\/p>\n","protected":false},"featured_media":21158,"comment_status":"closed","ping_status":"closed","template":"","meta":[],"tags":[],"product_brand":[],"product_cat":[27,55,18,17],"class_list":{"0":"post-21171","1":"product","2":"type-product","3":"status-publish","4":"has-post-thumbnail","6":"product_cat-plus250","7":"product_cat-mobiliario-infantil","8":"product_cat-peek","9":"product_cat-currentmonth","11":"first","12":"instock","13":"taxable","14":"shipping-taxable","15":"purchasable","16":"product-type-variable"},"_links":{"self":[{"href":"https:\/\/peekandpack.com\/es\/wp-json\/wp\/v2\/product\/21171","targetHints":{"allow":["GET"]}}],"collection":[{"href":"https:\/\/peekandpack.com\/es\/wp-json\/wp\/v2\/product"}],"about":[{"href":"https:\/\/peekandpack.com\/es\/wp-json\/wp\/v2\/types\/product"}],"replies":[{"embeddable":true,"href":"https:\/\/peekandpack.com\/es\/wp-json\/wp\/v2\/comments?post=21171"}],"wp:featuredmedia":[{"embeddable":true,"href":"https:\/\/peekandpack.com\/es\/wp-json\/wp\/v2\/media\/21158"}],"wp:attachment":[{"href":"https:\/\/peekandpack.com\/es\/wp-json\/wp\/v2\/media?parent=21171"}],"wp:term":[{"taxonomy":"post_tag","embeddable":true,"href":"https:\/\/peekandpack.com\/es\/wp-json\/wp\/v2\/tags?post=21171"},{"taxonomy":"product_brand","embeddable":true,"href":"https:\/\/peekandpack.com\/es\/wp-json\/wp\/v2\/product_brand?post=21171"},{"taxonomy":"product_cat","embeddable":true,"href":"https:\/\/peekandpack.com\/es\/wp-json\/wp\/v2\/product_cat?post=21171"}],"curies":[{"name":"wp","href":"https:\/\/api.w.org\/{rel}","templated":true}]}}