{"id":21072,"date":"2024-10-31T12:48:26","date_gmt":"2024-10-31T13:02:19","guid":{"rendered":"https:\/\/peekandpack.com\/?post_type=product&#038;p=21072"},"modified":"2024-10-31T13:21:44","modified_gmt":"2024-10-31T13:21:44","slug":"caja-ii-montana-con-ruedas","status":"publish","type":"product","link":"https:\/\/peekandpack.com\/es\/producto\/caja-ii-montana-con-ruedas\/","title":{"rendered":"CAJA II MONTANA CON RUEDAS"},"content":{"rendered":"<p>Colour Box II de la marca danesa Montana es una caja con ruedas fabricada en MDF lacado\u00a0 con pigmentos libre de t\u00f3xicos y dise\u00f1ada por Peter J. Lassen. Esta caja de almacenaje con ruedas es perfecta para la habitaci\u00f3n de los ni\u00f1os o cualquier lugar donde necesites un espacio de almacenaje m\u00f3vil.<\/p>\n<p>Elige tu color entre la gran variedad de tonos incre\u00edbles!<\/p>\n<p>DIMENSIONES: 46,8 x 37,8 H.<\/p>\n<p>Entrega: 6-8 d\u00edas<\/p>\n<p>Fabricada en Dinamarca<\/p>\n","protected":false},"excerpt":{"rendered":"<p>Caja con ruedas de Montana<\/p>\n","protected":false},"featured_media":21049,"comment_status":"closed","ping_status":"closed","template":"","meta":[],"tags":[],"product_brand":[],"product_cat":[51,27,55,18,17],"class_list":{"0":"post-21072","1":"product","2":"type-product","3":"status-publish","4":"has-post-thumbnail","6":"product_cat-juguetes-originales","7":"product_cat-plus250","8":"product_cat-mobiliario-infantil","9":"product_cat-peek","10":"product_cat-currentmonth","12":"first","13":"instock","14":"taxable","15":"shipping-taxable","16":"purchasable","17":"product-type-variable"},"_links":{"self":[{"href":"https:\/\/peekandpack.com\/es\/wp-json\/wp\/v2\/product\/21072","targetHints":{"allow":["GET"]}}],"collection":[{"href":"https:\/\/peekandpack.com\/es\/wp-json\/wp\/v2\/product"}],"about":[{"href":"https:\/\/peekandpack.com\/es\/wp-json\/wp\/v2\/types\/product"}],"replies":[{"embeddable":true,"href":"https:\/\/peekandpack.com\/es\/wp-json\/wp\/v2\/comments?post=21072"}],"wp:featuredmedia":[{"embeddable":true,"href":"https:\/\/peekandpack.com\/es\/wp-json\/wp\/v2\/media\/21049"}],"wp:attachment":[{"href":"https:\/\/peekandpack.com\/es\/wp-json\/wp\/v2\/media?parent=21072"}],"wp:term":[{"taxonomy":"post_tag","embeddable":true,"href":"https:\/\/peekandpack.com\/es\/wp-json\/wp\/v2\/tags?post=21072"},{"taxonomy":"product_brand","embeddable":true,"href":"https:\/\/peekandpack.com\/es\/wp-json\/wp\/v2\/product_brand?post=21072"},{"taxonomy":"product_cat","embeddable":true,"href":"https:\/\/peekandpack.com\/es\/wp-json\/wp\/v2\/product_cat?post=21072"}],"curies":[{"name":"wp","href":"https:\/\/api.w.org\/{rel}","templated":true}]}}