{"id":20999,"date":"2024-10-30T13:01:27","date_gmt":"2024-10-30T13:05:33","guid":{"rendered":"https:\/\/peekandpack.com\/?post_type=product&#038;p=20999"},"modified":"2024-10-31T13:16:39","modified_gmt":"2024-10-31T13:16:39","slug":"cubo-estanteria-panton-de-montana","status":"publish","type":"product","link":"https:\/\/peekandpack.com\/es\/producto\/cubo-estanteria-panton-de-montana\/","title":{"rendered":"Cubo estanter\u00eda Panton de Montana"},"content":{"rendered":"<p>La estanter\u00eda individual Panton Wire de 35&#215;35 cm de profundidad de la marca danesa Montana es una llamativa estanter\u00eda en forma de cubo construida con barras met\u00e1licas colocadas de manera compacta. Admite infinidad de usos, para\u00a0 revistas, libros y elementos de decoraci\u00f3n. Utiliza la estanter\u00eda de pared como una elegante superficie de apoyo en la cocina, como mesita de noche en el dormitorio o como mesa auxiliar junto al sill\u00f3n de lectura en la sala de estar.<\/p>\n<p>Disponible en 5 acabados: Chrome, Snow, Pine, Monarch (morado) y Black<\/p>\n<p>Entrega en 6-8 d\u00edas<\/p>\n","protected":false},"excerpt":{"rendered":"<p>Estanter\u00edan Panton met\u00e1lica de Montana<\/p>\n","protected":false},"featured_media":20992,"comment_status":"closed","ping_status":"closed","template":"","meta":[],"tags":[],"product_brand":[],"product_cat":[26,55,18,17],"class_list":{"0":"post-20999","1":"product","2":"type-product","3":"status-publish","4":"has-post-thumbnail","6":"product_cat-minus240","7":"product_cat-mobiliario-infantil","8":"product_cat-peek","9":"product_cat-currentmonth","11":"first","12":"instock","13":"taxable","14":"shipping-taxable","15":"purchasable","16":"product-type-variable"},"_links":{"self":[{"href":"https:\/\/peekandpack.com\/es\/wp-json\/wp\/v2\/product\/20999","targetHints":{"allow":["GET"]}}],"collection":[{"href":"https:\/\/peekandpack.com\/es\/wp-json\/wp\/v2\/product"}],"about":[{"href":"https:\/\/peekandpack.com\/es\/wp-json\/wp\/v2\/types\/product"}],"replies":[{"embeddable":true,"href":"https:\/\/peekandpack.com\/es\/wp-json\/wp\/v2\/comments?post=20999"}],"wp:featuredmedia":[{"embeddable":true,"href":"https:\/\/peekandpack.com\/es\/wp-json\/wp\/v2\/media\/20992"}],"wp:attachment":[{"href":"https:\/\/peekandpack.com\/es\/wp-json\/wp\/v2\/media?parent=20999"}],"wp:term":[{"taxonomy":"post_tag","embeddable":true,"href":"https:\/\/peekandpack.com\/es\/wp-json\/wp\/v2\/tags?post=20999"},{"taxonomy":"product_brand","embeddable":true,"href":"https:\/\/peekandpack.com\/es\/wp-json\/wp\/v2\/product_brand?post=20999"},{"taxonomy":"product_cat","embeddable":true,"href":"https:\/\/peekandpack.com\/es\/wp-json\/wp\/v2\/product_cat?post=20999"}],"curies":[{"name":"wp","href":"https:\/\/api.w.org\/{rel}","templated":true}]}}