{"id":20445,"date":"2024-09-16T17:47:26","date_gmt":"2024-09-16T17:54:17","guid":{"rendered":"https:\/\/peekandpack.com\/?post_type=product&#038;p=20445"},"modified":"2024-09-16T17:55:19","modified_gmt":"2024-09-16T17:55:19","slug":"papel-pintado-libro-color-chapitre","status":"publish","type":"product","link":"https:\/\/peekandpack.com\/es\/producto\/papel-pintado-libro-color-chapitre\/","title":{"rendered":"Papel Pintado Libro color \u00abChapitre\u00bb"},"content":{"rendered":"<p>Como el cap\u00edtulo de un libro antiguo, as\u00ed es de delicado este nuevo modelo de Papel Pintado dise\u00f1o de Bien Fait.<\/p>\n<p>En este caso se trata del color \u00abChapitre\u00bb (cap\u00edtulo en franc\u00e9s) y esperamos que te atrevas a escribir algunos de los mejores cap\u00edtulos de cualquier estancia.<\/p>\n<p>Disponible en dos medidas: 240 y 360 (altura 280cm)<\/p>\n<p>Para medidas especiales, consultad por mail.<\/p>\n<p>Hecho en Francia<\/p>\n<p>Entrega en 3 \u00f3 4 semanas.<\/p>\n","protected":false},"excerpt":{"rendered":"<p>Papel Pintado Libro de Bien Fait<\/p>\n","protected":false},"featured_media":20434,"comment_status":"closed","ping_status":"closed","template":"","meta":[],"tags":[],"product_brand":[],"product_cat":[49,27,96,18,17],"class_list":{"0":"post-20445","1":"product","2":"type-product","3":"status-publish","4":"has-post-thumbnail","6":"product_cat-decotextiles-es","7":"product_cat-plus250","8":"product_cat-papel-pintado","9":"product_cat-peek","10":"product_cat-currentmonth","12":"first","13":"instock","14":"taxable","15":"shipping-taxable","16":"purchasable","17":"product-type-variable"},"_links":{"self":[{"href":"https:\/\/peekandpack.com\/es\/wp-json\/wp\/v2\/product\/20445","targetHints":{"allow":["GET"]}}],"collection":[{"href":"https:\/\/peekandpack.com\/es\/wp-json\/wp\/v2\/product"}],"about":[{"href":"https:\/\/peekandpack.com\/es\/wp-json\/wp\/v2\/types\/product"}],"replies":[{"embeddable":true,"href":"https:\/\/peekandpack.com\/es\/wp-json\/wp\/v2\/comments?post=20445"}],"wp:featuredmedia":[{"embeddable":true,"href":"https:\/\/peekandpack.com\/es\/wp-json\/wp\/v2\/media\/20434"}],"wp:attachment":[{"href":"https:\/\/peekandpack.com\/es\/wp-json\/wp\/v2\/media?parent=20445"}],"wp:term":[{"taxonomy":"post_tag","embeddable":true,"href":"https:\/\/peekandpack.com\/es\/wp-json\/wp\/v2\/tags?post=20445"},{"taxonomy":"product_brand","embeddable":true,"href":"https:\/\/peekandpack.com\/es\/wp-json\/wp\/v2\/product_brand?post=20445"},{"taxonomy":"product_cat","embeddable":true,"href":"https:\/\/peekandpack.com\/es\/wp-json\/wp\/v2\/product_cat?post=20445"}],"curies":[{"name":"wp","href":"https:\/\/api.w.org\/{rel}","templated":true}]}}