{"id":18393,"date":"2024-03-26T17:40:33","date_gmt":"2024-03-26T17:42:29","guid":{"rendered":"https:\/\/peekandpack.com\/?post_type=product&#038;p=18393"},"modified":"2024-03-26T17:42:55","modified_gmt":"2024-03-26T17:42:55","slug":"lampara-ratan-mostaza-hkliving","status":"publish","type":"product","link":"https:\/\/peekandpack.com\/es\/producto\/lampara-ratan-mostaza-hkliving\/","title":{"rendered":"L\u00e1mpara Rat\u00e1n mostaza HKliving"},"content":{"rendered":"<p>Retrocede en el tiempo con estas\u00a0 l\u00e1mpara de mesa de rat\u00e1n y d\u00e9jate llevar por la nostalgia. Con una dosis de est\u00e9tica campestre, estas vers\u00e1tiles luces ambientales a\u00f1aden encanto a cualquier habitaci\u00f3n.<\/p>\n<p>Color: Mostaza<\/p>\n<p>HKliving<\/p>\n<p>Dimensiones: 34x34x30cm<\/p>\n","protected":false},"excerpt":{"rendered":"<p>L\u00e1mpara rat\u00e1n de Hkliving<\/p>\n","protected":false},"featured_media":18388,"comment_status":"closed","ping_status":"closed","template":"","meta":[],"tags":[],"product_brand":[],"product_cat":[50,25,18,77],"class_list":{"0":"post-18393","1":"product","2":"type-product","3":"status-publish","4":"has-post-thumbnail","6":"product_cat-lamparas-infantiles","7":"product_cat-minus90","8":"product_cat-peek","9":"product_cat-sin-categorizar","10":"product_shipping_class-standard-shipping-es","12":"first","13":"instock","14":"taxable","15":"shipping-taxable","16":"purchasable","17":"product-type-simple"},"_links":{"self":[{"href":"https:\/\/peekandpack.com\/es\/wp-json\/wp\/v2\/product\/18393","targetHints":{"allow":["GET"]}}],"collection":[{"href":"https:\/\/peekandpack.com\/es\/wp-json\/wp\/v2\/product"}],"about":[{"href":"https:\/\/peekandpack.com\/es\/wp-json\/wp\/v2\/types\/product"}],"replies":[{"embeddable":true,"href":"https:\/\/peekandpack.com\/es\/wp-json\/wp\/v2\/comments?post=18393"}],"wp:featuredmedia":[{"embeddable":true,"href":"https:\/\/peekandpack.com\/es\/wp-json\/wp\/v2\/media\/18388"}],"wp:attachment":[{"href":"https:\/\/peekandpack.com\/es\/wp-json\/wp\/v2\/media?parent=18393"}],"wp:term":[{"taxonomy":"post_tag","embeddable":true,"href":"https:\/\/peekandpack.com\/es\/wp-json\/wp\/v2\/tags?post=18393"},{"taxonomy":"product_brand","embeddable":true,"href":"https:\/\/peekandpack.com\/es\/wp-json\/wp\/v2\/product_brand?post=18393"},{"taxonomy":"product_cat","embeddable":true,"href":"https:\/\/peekandpack.com\/es\/wp-json\/wp\/v2\/product_cat?post=18393"}],"curies":[{"name":"wp","href":"https:\/\/api.w.org\/{rel}","templated":true}]}}