{"id":18175,"date":"2024-03-11T16:46:01","date_gmt":"2024-03-11T16:51:20","guid":{"rendered":"https:\/\/peekandpack.com\/?post_type=product&#038;p=18175"},"modified":"2024-03-11T16:51:42","modified_gmt":"2024-03-11T16:51:42","slug":"kit-conversion-cuna-moss-de-oeuf","status":"publish","type":"product","link":"https:\/\/peekandpack.com\/es\/producto\/kit-conversion-cuna-moss-de-oeuf\/","title":{"rendered":"Kit Conversion Cuna Moss de OEUF"},"content":{"rendered":"<p>Kit de conversi\u00f3n de cuna de musgo Oeuf\u00ae<br \/>\nDISE\u00d1ADO EN BROOKLYN<br \/>\nHECHO EN EUROPA<\/p>\n<p>El kit de conversi\u00f3n Oeuf Moss es la combinaci\u00f3n perfecta para el nuevo sentido de independencia de su hijo. La posici\u00f3n baja del colch\u00f3n permite un f\u00e1cil acceso y permite que su hijo se suba y baje solo.<\/p>\n<p>PRE-ORDER. Entrega en mayo de 2024<\/p>\n","protected":false},"excerpt":{"rendered":"<p>Kit Conversion Cuna Moss de OEUF<\/p>\n","protected":false},"featured_media":18170,"comment_status":"closed","ping_status":"closed","template":"","meta":[],"tags":[],"product_brand":[],"product_cat":[27,55,18,17],"class_list":{"0":"post-18175","1":"product","2":"type-product","3":"status-publish","4":"has-post-thumbnail","6":"product_cat-plus250","7":"product_cat-mobiliario-infantil","8":"product_cat-peek","9":"product_cat-currentmonth","10":"product_shipping_class-furniture-es","12":"first","13":"instock","14":"taxable","15":"shipping-taxable","16":"purchasable","17":"product-type-variable"},"_links":{"self":[{"href":"https:\/\/peekandpack.com\/es\/wp-json\/wp\/v2\/product\/18175","targetHints":{"allow":["GET"]}}],"collection":[{"href":"https:\/\/peekandpack.com\/es\/wp-json\/wp\/v2\/product"}],"about":[{"href":"https:\/\/peekandpack.com\/es\/wp-json\/wp\/v2\/types\/product"}],"replies":[{"embeddable":true,"href":"https:\/\/peekandpack.com\/es\/wp-json\/wp\/v2\/comments?post=18175"}],"wp:featuredmedia":[{"embeddable":true,"href":"https:\/\/peekandpack.com\/es\/wp-json\/wp\/v2\/media\/18170"}],"wp:attachment":[{"href":"https:\/\/peekandpack.com\/es\/wp-json\/wp\/v2\/media?parent=18175"}],"wp:term":[{"taxonomy":"post_tag","embeddable":true,"href":"https:\/\/peekandpack.com\/es\/wp-json\/wp\/v2\/tags?post=18175"},{"taxonomy":"product_brand","embeddable":true,"href":"https:\/\/peekandpack.com\/es\/wp-json\/wp\/v2\/product_brand?post=18175"},{"taxonomy":"product_cat","embeddable":true,"href":"https:\/\/peekandpack.com\/es\/wp-json\/wp\/v2\/product_cat?post=18175"}],"curies":[{"name":"wp","href":"https:\/\/api.w.org\/{rel}","templated":true}]}}