{"id":18161,"date":"2024-03-11T16:11:17","date_gmt":"2024-03-11T16:13:46","guid":{"rendered":"https:\/\/peekandpack.com\/?post_type=product&#038;p=18161"},"modified":"2024-03-11T16:21:42","modified_gmt":"2024-03-11T16:21:42","slug":"cuna-moss-de-oeuf","status":"publish","type":"product","link":"https:\/\/peekandpack.com\/es\/producto\/cuna-moss-de-oeuf\/","title":{"rendered":"Cuna Moss de OEUF"},"content":{"rendered":"<p>Cuna Moss Oeuf\u00ae<br \/>\nDISE\u00d1ADO EN BROOKLYN<br \/>\nHECHO EN EUROPA<\/p>\n<p>Una oda a la alegr\u00eda en forma de mueble. La cuna Oeuf Moss presenta un motivo ondulado atrevido pero sencillo que es una declaraci\u00f3n instant\u00e1nea en cualquier habitaci\u00f3n infantil, ya sea minimalista o maximalista. Los cuatro lados de la cuna cuentan con ejes redondos abiertos y aireados. La cuna se convierte f\u00e1cilmente en una cama para ni\u00f1os peque\u00f1os quitando y reemplazando un lado con el kit de conversi\u00f3n Oeuf Moss, que se vende por separado.<\/p>\n<p>Medidas: 143&#215;73 (para colch\u00f3n de 70&#215;140, no incluido)<\/p>\n<p>PRE-ORDER, entregas en Mayo de 2024<\/p>\n","protected":false},"excerpt":{"rendered":"<p>Cuna Moss de OEUF<\/p>\n","protected":false},"featured_media":18150,"comment_status":"closed","ping_status":"closed","template":"","meta":[],"tags":[],"product_brand":[],"product_cat":[98,54,27,55,18,17],"class_list":{"0":"post-18161","1":"product","2":"type-product","3":"status-publish","4":"has-post-thumbnail","6":"product_cat-destacado-en-la-home","7":"product_cat-featured-in-menu-es","8":"product_cat-plus250","9":"product_cat-mobiliario-infantil","10":"product_cat-peek","11":"product_cat-currentmonth","12":"product_shipping_class-furniture-65-es","14":"first","15":"instock","16":"taxable","17":"shipping-taxable","18":"purchasable","19":"product-type-variable"},"_links":{"self":[{"href":"https:\/\/peekandpack.com\/es\/wp-json\/wp\/v2\/product\/18161","targetHints":{"allow":["GET"]}}],"collection":[{"href":"https:\/\/peekandpack.com\/es\/wp-json\/wp\/v2\/product"}],"about":[{"href":"https:\/\/peekandpack.com\/es\/wp-json\/wp\/v2\/types\/product"}],"replies":[{"embeddable":true,"href":"https:\/\/peekandpack.com\/es\/wp-json\/wp\/v2\/comments?post=18161"}],"wp:featuredmedia":[{"embeddable":true,"href":"https:\/\/peekandpack.com\/es\/wp-json\/wp\/v2\/media\/18150"}],"wp:attachment":[{"href":"https:\/\/peekandpack.com\/es\/wp-json\/wp\/v2\/media?parent=18161"}],"wp:term":[{"taxonomy":"post_tag","embeddable":true,"href":"https:\/\/peekandpack.com\/es\/wp-json\/wp\/v2\/tags?post=18161"},{"taxonomy":"product_brand","embeddable":true,"href":"https:\/\/peekandpack.com\/es\/wp-json\/wp\/v2\/product_brand?post=18161"},{"taxonomy":"product_cat","embeddable":true,"href":"https:\/\/peekandpack.com\/es\/wp-json\/wp\/v2\/product_cat?post=18161"}],"curies":[{"name":"wp","href":"https:\/\/api.w.org\/{rel}","templated":true}]}}