{"id":1810,"date":"2014-11-04T10:47:27","date_gmt":"2014-11-04T11:01:30","guid":{"rendered":"http:\/\/peekandpack.com\/?post_type=product&#038;p=1810"},"modified":"2016-08-25T08:35:26","modified_gmt":"2016-08-25T08:35:26","slug":"lamparas-infantiles-snowpuppe-papel-para-habitacion-infantil","status":"publish","type":"product","link":"https:\/\/peekandpack.com\/es\/producto\/lamparas-infantiles-snowpuppe-papel-para-habitacion-infantil\/","title":{"rendered":"L\u00e1mpara Moth"},"content":{"rendered":"<p>L\u00e1mparas infantiles Snowpuppe\u00a0papel para habitaci\u00f3n infantil<\/p>\n<p>La L\u00e1mpara Moth, dise\u00f1o exclusivo del Studio Snowpuppe, est\u00e1 realizada en un papel s\u00faper resistente, doblado con la m\u00e1xima precisi\u00f3n.<\/p>\n<p>Cada uno de sus pliegues es un juego diferente de luz y desde Peek&amp;Pack sabemos que quedar\u00e1 perfecta no solo en espacios infantiles, sino que cualquier ambiente es perfecto para Moth (Ttraducci\u00f3n: polilla). Os recomendamos jugar a mezclar varias en diferentes colores.<br \/>\nLa luz que desprende es suave y acogedora y se deben usar \u00a0bombillas LED o de bajo consumo.<\/p>\n<p>Dimensiones: 20 cm altura \/ 20 cm de di\u00e1metro<\/p>\n<p>COLORES DISPONIBLES:<\/p>\n<p>-Rosa Degradado + Cuerda color rosa fl\u00faor (cable 3 metros)<\/p>\n<p>&#8211; Amarillo Degradado + Cuerda color arena ( cable de 3 metros)<\/p>\n<p>&#8211; Menta Degradado + Cuerda color amarillo (cable 3 metros)<\/p>\n<p>&#8211; Gris Degradado + Cuerda color gris (cable de 3 metros)<\/p>\n<p>Entrega: 5 d\u00edas<\/p>\n","protected":false},"excerpt":{"rendered":"<p>Siente la diversi\u00f3n!<\/p>\n","protected":false},"featured_media":5448,"comment_status":"closed","ping_status":"closed","template":"","meta":[],"tags":[],"product_brand":[],"product_cat":[48,54,50,18,53,17],"class_list":{"0":"post-1810","1":"product","2":"type-product","3":"status-publish","4":"has-post-thumbnail","6":"product_cat-featured-es","7":"product_cat-featured-in-menu-es","8":"product_cat-lamparas-infantiles","9":"product_cat-peek","10":"product_cat-type-es","11":"product_cat-currentmonth","12":"product_shipping_class-standard-shipping-es","14":"first","15":"instock","16":"taxable","17":"shipping-taxable","18":"purchasable","19":"product-type-variable"},"_links":{"self":[{"href":"https:\/\/peekandpack.com\/es\/wp-json\/wp\/v2\/product\/1810","targetHints":{"allow":["GET"]}}],"collection":[{"href":"https:\/\/peekandpack.com\/es\/wp-json\/wp\/v2\/product"}],"about":[{"href":"https:\/\/peekandpack.com\/es\/wp-json\/wp\/v2\/types\/product"}],"replies":[{"embeddable":true,"href":"https:\/\/peekandpack.com\/es\/wp-json\/wp\/v2\/comments?post=1810"}],"wp:featuredmedia":[{"embeddable":true,"href":"https:\/\/peekandpack.com\/es\/wp-json\/wp\/v2\/media\/5448"}],"wp:attachment":[{"href":"https:\/\/peekandpack.com\/es\/wp-json\/wp\/v2\/media?parent=1810"}],"wp:term":[{"taxonomy":"post_tag","embeddable":true,"href":"https:\/\/peekandpack.com\/es\/wp-json\/wp\/v2\/tags?post=1810"},{"taxonomy":"product_brand","embeddable":true,"href":"https:\/\/peekandpack.com\/es\/wp-json\/wp\/v2\/product_brand?post=1810"},{"taxonomy":"product_cat","embeddable":true,"href":"https:\/\/peekandpack.com\/es\/wp-json\/wp\/v2\/product_cat?post=1810"}],"curies":[{"name":"wp","href":"https:\/\/api.w.org\/{rel}","templated":true}]}}