{"id":17575,"date":"2024-02-08T16:30:20","date_gmt":"2024-02-08T16:32:09","guid":{"rendered":"https:\/\/peekandpack.com\/?post_type=product&#038;p=17575"},"modified":"2024-02-08T16:32:39","modified_gmt":"2024-02-08T16:32:39","slug":"lampara-mono","status":"publish","type":"product","link":"https:\/\/peekandpack.com\/es\/producto\/lampara-mono\/","title":{"rendered":"L\u00e1mpara Mono"},"content":{"rendered":"<p>Ilumina los sue\u00f1os de tu peque\u00f1o con una atrevida luz nocturna Monkey. Con su brillo suave y reconfortante y su dise\u00f1o ic\u00f3nico, Monkey crea una atm\u00f3sfera acogedora antes de dormir. F\u00e1cil de usar y seguro para los ni\u00f1os, es el compa\u00f1ero perfecto para un sue\u00f1o reparador. \u00a1Te esperan dulces sue\u00f1os!<\/p>\n<p>Dise\u00f1o MR MAR\u00cdA<\/p>\n<p>Una forma suave hecha de silicona suave sin BPA.<br \/>\nL\u00e1mpara LED de bajo consumo, siempre fr\u00eda al tacto.<br \/>\nInal\u00e1mbrico. La comodidad de Peppa all\u00e1 donde vayas.<\/p>\n<p>1 Su entrega incluye un cable de carga amarillo, la primera carga completa demora un m\u00e1ximo de 6 horas. La duraci\u00f3n de la bater\u00eda var\u00eda de 8 a 120 horas, seg\u00fan la configuraci\u00f3n de brillo seleccionada (6 pasos disponibles).<\/p>\n<p>2 Utilice \u00fanicamente bloques adaptadores USB certificados para la carga. Verifique las especificaciones &#8216;Certificado CE, DCv5 max 2A&#8217;, generalmente escritas en el costado del bloque adaptador.<\/p>\n<p>3 Tenga en cuenta: como medida de seguridad adicional, la luz nocturna no funciona mientras se carga.<\/p>\n<p>DIMENSIONES: 15 cm (d) x 23 cm (h)<\/p>\n","protected":false},"excerpt":{"rendered":"<p>L\u00e1mpara Mono<\/p>\n","protected":false},"featured_media":17584,"comment_status":"closed","ping_status":"closed","template":"","meta":[],"tags":[],"product_brand":[],"product_cat":[50,25,18,17],"class_list":{"0":"post-17575","1":"product","2":"type-product","3":"status-publish","4":"has-post-thumbnail","6":"product_cat-lamparas-infantiles","7":"product_cat-minus90","8":"product_cat-peek","9":"product_cat-currentmonth","10":"product_shipping_class-standard-shipping-es","12":"first","13":"instock","14":"taxable","15":"shipping-taxable","16":"purchasable","17":"product-type-simple"},"_links":{"self":[{"href":"https:\/\/peekandpack.com\/es\/wp-json\/wp\/v2\/product\/17575","targetHints":{"allow":["GET"]}}],"collection":[{"href":"https:\/\/peekandpack.com\/es\/wp-json\/wp\/v2\/product"}],"about":[{"href":"https:\/\/peekandpack.com\/es\/wp-json\/wp\/v2\/types\/product"}],"replies":[{"embeddable":true,"href":"https:\/\/peekandpack.com\/es\/wp-json\/wp\/v2\/comments?post=17575"}],"wp:featuredmedia":[{"embeddable":true,"href":"https:\/\/peekandpack.com\/es\/wp-json\/wp\/v2\/media\/17584"}],"wp:attachment":[{"href":"https:\/\/peekandpack.com\/es\/wp-json\/wp\/v2\/media?parent=17575"}],"wp:term":[{"taxonomy":"post_tag","embeddable":true,"href":"https:\/\/peekandpack.com\/es\/wp-json\/wp\/v2\/tags?post=17575"},{"taxonomy":"product_brand","embeddable":true,"href":"https:\/\/peekandpack.com\/es\/wp-json\/wp\/v2\/product_brand?post=17575"},{"taxonomy":"product_cat","embeddable":true,"href":"https:\/\/peekandpack.com\/es\/wp-json\/wp\/v2\/product_cat?post=17575"}],"curies":[{"name":"wp","href":"https:\/\/api.w.org\/{rel}","templated":true}]}}