{"id":17563,"date":"2024-02-08T15:41:11","date_gmt":"2024-02-08T15:45:45","guid":{"rendered":"https:\/\/peekandpack.com\/?post_type=product&#038;p=17563"},"modified":"2024-02-08T15:48:11","modified_gmt":"2024-02-08T15:48:11","slug":"peppa-pig-lampara","status":"publish","type":"product","link":"https:\/\/peekandpack.com\/es\/producto\/peppa-pig-lampara\/","title":{"rendered":"Peppa Pig l\u00e1mpara"},"content":{"rendered":"<p>Haz que sus sue\u00f1os se iluminen. Muchas veces duermen mejor cuando les dejas una peque\u00f1a luz c\u00e1lida y tenue.<\/p>\n<p>Peppa crea un ambiente acogedor antes de dormir. F\u00e1cil de usar y segura para los m\u00e1s peque\u00f1os.<\/p>\n<p>Dise\u00f1o MR MAR\u00cdA<\/p>\n<p>Una forma suave hecha de silicona sin BPA.<br \/>\nL\u00e1mpara LED de bajo consumo, siempre fr\u00eda al tacto.<br \/>\nInal\u00e1mbrico. La comodidad de Peppa all\u00e1 donde vayas.<\/p>\n<p>1 Su entrega incluye un cable de carga amarillo, la primera carga completa demora un m\u00e1ximo de 6 horas. La duraci\u00f3n de la bater\u00eda var\u00eda de 8 a 120 horas, seg\u00fan la configuraci\u00f3n de brillo seleccionada (6 pasos disponibles).<\/p>\n<p>2 Utilice \u00fanicamente bloques adaptadores USB certificados para la carga. Verifique las especificaciones &#8216;Certificado CE, DCv5 max 2A&#8217;, generalmente escritas en el costado del bloque adaptador.<\/p>\n<p>3 Tenga en cuenta: como medida de seguridad adicional, la luz nocturna no funciona mientras se carga.<\/p>\n<p>DIMENSIONES: 14 cm (d) x 22 cm (h)<\/p>\n","protected":false},"excerpt":{"rendered":"<p>Peppa PIG l\u00e1mpara<\/p>\n","protected":false},"featured_media":17556,"comment_status":"closed","ping_status":"closed","template":"","meta":[],"tags":[],"product_brand":[],"product_cat":[50,25,18,17],"class_list":{"0":"post-17563","1":"product","2":"type-product","3":"status-publish","4":"has-post-thumbnail","6":"product_cat-lamparas-infantiles","7":"product_cat-minus90","8":"product_cat-peek","9":"product_cat-currentmonth","10":"product_shipping_class-standard-shipping-es","12":"first","13":"instock","14":"taxable","15":"shipping-taxable","16":"purchasable","17":"product-type-simple"},"_links":{"self":[{"href":"https:\/\/peekandpack.com\/es\/wp-json\/wp\/v2\/product\/17563","targetHints":{"allow":["GET"]}}],"collection":[{"href":"https:\/\/peekandpack.com\/es\/wp-json\/wp\/v2\/product"}],"about":[{"href":"https:\/\/peekandpack.com\/es\/wp-json\/wp\/v2\/types\/product"}],"replies":[{"embeddable":true,"href":"https:\/\/peekandpack.com\/es\/wp-json\/wp\/v2\/comments?post=17563"}],"wp:featuredmedia":[{"embeddable":true,"href":"https:\/\/peekandpack.com\/es\/wp-json\/wp\/v2\/media\/17556"}],"wp:attachment":[{"href":"https:\/\/peekandpack.com\/es\/wp-json\/wp\/v2\/media?parent=17563"}],"wp:term":[{"taxonomy":"post_tag","embeddable":true,"href":"https:\/\/peekandpack.com\/es\/wp-json\/wp\/v2\/tags?post=17563"},{"taxonomy":"product_brand","embeddable":true,"href":"https:\/\/peekandpack.com\/es\/wp-json\/wp\/v2\/product_brand?post=17563"},{"taxonomy":"product_cat","embeddable":true,"href":"https:\/\/peekandpack.com\/es\/wp-json\/wp\/v2\/product_cat?post=17563"}],"curies":[{"name":"wp","href":"https:\/\/api.w.org\/{rel}","templated":true}]}}