{"id":17504,"date":"2024-02-07T12:05:38","date_gmt":"2024-02-07T12:10:16","guid":{"rendered":"https:\/\/peekandpack.com\/?post_type=product&#038;p=17504"},"modified":"2024-02-07T12:10:43","modified_gmt":"2024-02-07T12:10:43","slug":"mesa-pilar-redonda-de-hkliving","status":"publish","type":"product","link":"https:\/\/peekandpack.com\/es\/producto\/mesa-pilar-redonda-de-hkliving\/","title":{"rendered":"Mesa pilar redonda de HKliving"},"content":{"rendered":"<p>Mejora tu experiencia gastron\u00f3mica con la \u00faltima incorporaci\u00f3n, la nueva mesa de comedor redonda de HKliving ahora en un precioso acabado color crema.<\/p>\n<p>Tiene el tama\u00f1o perfecto para los invitados m\u00e1s esperados. (140cm di\u00e1metro)<\/p>\n<p>Resistente a los rigores de la vida cotidiana, es una inversi\u00f3n que promete durar.<\/p>\n<p>Acabados disponibles: en DM color crema, blanco y negra. Y en madera de TEKA<\/p>\n<p>Entrega en 3 \u00f3 4 semanas.<\/p>\n<p>Para env\u00edos fuera de Madrid, precio de transporte a consultar.<\/p>\n","protected":false},"excerpt":{"rendered":"<p>Mesa pilar de HKliving<\/p>\n","protected":false},"featured_media":17491,"comment_status":"closed","ping_status":"closed","template":"","meta":[],"tags":[],"product_brand":[],"product_cat":[27,55,18,17],"class_list":{"0":"post-17504","1":"product","2":"type-product","3":"status-publish","4":"has-post-thumbnail","6":"product_cat-plus250","7":"product_cat-mobiliario-infantil","8":"product_cat-peek","9":"product_cat-currentmonth","10":"product_shipping_class-furniture-100-es","12":"first","13":"instock","14":"taxable","15":"shipping-taxable","16":"purchasable","17":"product-type-variable"},"_links":{"self":[{"href":"https:\/\/peekandpack.com\/es\/wp-json\/wp\/v2\/product\/17504","targetHints":{"allow":["GET"]}}],"collection":[{"href":"https:\/\/peekandpack.com\/es\/wp-json\/wp\/v2\/product"}],"about":[{"href":"https:\/\/peekandpack.com\/es\/wp-json\/wp\/v2\/types\/product"}],"replies":[{"embeddable":true,"href":"https:\/\/peekandpack.com\/es\/wp-json\/wp\/v2\/comments?post=17504"}],"wp:featuredmedia":[{"embeddable":true,"href":"https:\/\/peekandpack.com\/es\/wp-json\/wp\/v2\/media\/17491"}],"wp:attachment":[{"href":"https:\/\/peekandpack.com\/es\/wp-json\/wp\/v2\/media?parent=17504"}],"wp:term":[{"taxonomy":"post_tag","embeddable":true,"href":"https:\/\/peekandpack.com\/es\/wp-json\/wp\/v2\/tags?post=17504"},{"taxonomy":"product_brand","embeddable":true,"href":"https:\/\/peekandpack.com\/es\/wp-json\/wp\/v2\/product_brand?post=17504"},{"taxonomy":"product_cat","embeddable":true,"href":"https:\/\/peekandpack.com\/es\/wp-json\/wp\/v2\/product_cat?post=17504"}],"curies":[{"name":"wp","href":"https:\/\/api.w.org\/{rel}","templated":true}]}}