{"id":17439,"date":"2024-02-05T17:06:06","date_gmt":"2024-02-05T17:08:36","guid":{"rendered":"https:\/\/peekandpack.com\/?post_type=product&#038;p=17439"},"modified":"2024-02-05T17:09:04","modified_gmt":"2024-02-05T17:09:04","slug":"mesa-bloque-espejo-hkliving","status":"publish","type":"product","link":"https:\/\/peekandpack.com\/es\/producto\/mesa-bloque-espejo-hkliving\/","title":{"rendered":"MESA BLOQUE ESPEJO HKLIVING"},"content":{"rendered":"<p>Agregue una nueva dimensi\u00f3n a su espacio vital con una mesa con espejo de \u00faltima generaci\u00f3n; cr\u00e9anos, encajar\u00e1 en cualquier interior y reflejar\u00e1 los colores y materiales que le gustan en su hogar.<\/p>\n<p>Materiales: MDF, espejo<\/p>\n<p>Medidas: 60x60x35cm<\/p>\n<p>Env\u00edos fuera de Madrid a consultar.<\/p>\n","protected":false},"excerpt":{"rendered":"<p>Mesa bloque espejo HKliving<\/p>\n","protected":false},"featured_media":17438,"comment_status":"closed","ping_status":"closed","template":"","meta":[],"tags":[],"product_brand":[],"product_cat":[27,55,18,17],"class_list":{"0":"post-17439","1":"product","2":"type-product","3":"status-publish","4":"has-post-thumbnail","6":"product_cat-plus250","7":"product_cat-mobiliario-infantil","8":"product_cat-peek","9":"product_cat-currentmonth","10":"product_shipping_class-furniture-65-es","12":"first","13":"instock","14":"taxable","15":"shipping-taxable","16":"purchasable","17":"product-type-variable"},"_links":{"self":[{"href":"https:\/\/peekandpack.com\/es\/wp-json\/wp\/v2\/product\/17439","targetHints":{"allow":["GET"]}}],"collection":[{"href":"https:\/\/peekandpack.com\/es\/wp-json\/wp\/v2\/product"}],"about":[{"href":"https:\/\/peekandpack.com\/es\/wp-json\/wp\/v2\/types\/product"}],"replies":[{"embeddable":true,"href":"https:\/\/peekandpack.com\/es\/wp-json\/wp\/v2\/comments?post=17439"}],"wp:featuredmedia":[{"embeddable":true,"href":"https:\/\/peekandpack.com\/es\/wp-json\/wp\/v2\/media\/17438"}],"wp:attachment":[{"href":"https:\/\/peekandpack.com\/es\/wp-json\/wp\/v2\/media?parent=17439"}],"wp:term":[{"taxonomy":"post_tag","embeddable":true,"href":"https:\/\/peekandpack.com\/es\/wp-json\/wp\/v2\/tags?post=17439"},{"taxonomy":"product_brand","embeddable":true,"href":"https:\/\/peekandpack.com\/es\/wp-json\/wp\/v2\/product_brand?post=17439"},{"taxonomy":"product_cat","embeddable":true,"href":"https:\/\/peekandpack.com\/es\/wp-json\/wp\/v2\/product_cat?post=17439"}],"curies":[{"name":"wp","href":"https:\/\/api.w.org\/{rel}","templated":true}]}}