{"id":17415,"date":"2024-02-05T16:19:26","date_gmt":"2024-02-05T16:25:28","guid":{"rendered":"https:\/\/peekandpack.com\/?post_type=product&#038;p=17415"},"modified":"2024-02-05T16:28:46","modified_gmt":"2024-02-05T16:28:46","slug":"mesa-bloque-marmol-rosa","status":"publish","type":"product","link":"https:\/\/peekandpack.com\/es\/producto\/mesa-bloque-marmol-rosa\/","title":{"rendered":"MESA BLOQUE MARMOL ROSA"},"content":{"rendered":"<p>El Estilo Hollywood Regencia tiene que mucho que ver con la elegancia cl\u00e1sica y el m\u00e1rmol rosa encaja perfectamente. El color dulce y suave del m\u00e1rmol rosa combina a la perfecci\u00f3n con detalles met\u00e1licos tanto dorados como cromados. Crea una elegante mesa auxiliar o columna en tu hogar con este bloque de m\u00e1rmol macizo.<\/p>\n<p>Material: M\u00e1rmol rosa natural<\/p>\n<p>Tama\u00f1o: 30x30x30cm<\/p>\n<p>Cotizaci\u00f3n de entrega a consultar (fuera de Madrid)<\/p>\n<p>HKliving<\/p>\n","protected":false},"excerpt":{"rendered":"<p>Mesa auxiliar m\u00e1rmol rosa HKliving<\/p>\n","protected":false},"featured_media":17412,"comment_status":"closed","ping_status":"closed","template":"","meta":[],"tags":[],"product_brand":[],"product_cat":[27,55,18,17],"class_list":{"0":"post-17415","1":"product","2":"type-product","3":"status-publish","4":"has-post-thumbnail","6":"product_cat-plus250","7":"product_cat-mobiliario-infantil","8":"product_cat-peek","9":"product_cat-currentmonth","10":"product_shipping_class-furniture-es","12":"first","13":"instock","14":"taxable","15":"shipping-taxable","16":"purchasable","17":"product-type-simple"},"_links":{"self":[{"href":"https:\/\/peekandpack.com\/es\/wp-json\/wp\/v2\/product\/17415","targetHints":{"allow":["GET"]}}],"collection":[{"href":"https:\/\/peekandpack.com\/es\/wp-json\/wp\/v2\/product"}],"about":[{"href":"https:\/\/peekandpack.com\/es\/wp-json\/wp\/v2\/types\/product"}],"replies":[{"embeddable":true,"href":"https:\/\/peekandpack.com\/es\/wp-json\/wp\/v2\/comments?post=17415"}],"wp:featuredmedia":[{"embeddable":true,"href":"https:\/\/peekandpack.com\/es\/wp-json\/wp\/v2\/media\/17412"}],"wp:attachment":[{"href":"https:\/\/peekandpack.com\/es\/wp-json\/wp\/v2\/media?parent=17415"}],"wp:term":[{"taxonomy":"post_tag","embeddable":true,"href":"https:\/\/peekandpack.com\/es\/wp-json\/wp\/v2\/tags?post=17415"},{"taxonomy":"product_brand","embeddable":true,"href":"https:\/\/peekandpack.com\/es\/wp-json\/wp\/v2\/product_brand?post=17415"},{"taxonomy":"product_cat","embeddable":true,"href":"https:\/\/peekandpack.com\/es\/wp-json\/wp\/v2\/product_cat?post=17415"}],"curies":[{"name":"wp","href":"https:\/\/api.w.org\/{rel}","templated":true}]}}