{"id":17334,"date":"2024-02-05T11:31:46","date_gmt":"2024-02-05T11:35:45","guid":{"rendered":"https:\/\/peekandpack.com\/?post_type=product&#038;p=17334"},"modified":"2024-02-05T11:46:30","modified_gmt":"2024-02-05T11:46:30","slug":"friso-perlee","status":"publish","type":"product","link":"https:\/\/peekandpack.com\/es\/producto\/friso-perlee\/","title":{"rendered":"Friso PERL\u00c9E"},"content":{"rendered":"<p>Descripci\u00f3n<br \/>\nResalta, realza y ponle un punto de color a\u00a0 tu interior con los frisos y bordes de MUES Design.<\/p>\n<p>Elige tu dise\u00f1o y tu color, humedece el reverso del papel y p\u00e9galo! Alrededor del marco de una puerta o ventana, a lo largo de un z\u00f3calo o base, bajo el techo, debajo de estanter\u00edas&#8230; Las posibilidades son infinitas!<\/p>\n<p>Nunca ha sido tan f\u00e1cil darle un toque especial a\u00a0 tu decoraci\u00f3n. Adem\u00e1s muy f\u00e1cil de quitar sin da\u00f1ar la pared, tambi\u00e9n es el accesorio perfecto para espacios de alquiler.<\/p>\n<p>TAMA\u00d1O: 500X19,6CM<\/p>\n<p>Entrega: 3 semanas<\/p>\n","protected":false},"excerpt":{"rendered":"<p>Friso de MUES Design<\/p>\n","protected":false},"featured_media":17329,"comment_status":"closed","ping_status":"closed","template":"","meta":[],"tags":[],"product_brand":[],"product_cat":[25,96,18,17],"class_list":{"0":"post-17334","1":"product","2":"type-product","3":"status-publish","4":"has-post-thumbnail","6":"product_cat-minus90","7":"product_cat-papel-pintado","8":"product_cat-peek","9":"product_cat-currentmonth","10":"product_shipping_class-standard-shipping-es","12":"first","13":"instock","14":"taxable","15":"shipping-taxable","16":"purchasable","17":"product-type-variable"},"_links":{"self":[{"href":"https:\/\/peekandpack.com\/es\/wp-json\/wp\/v2\/product\/17334","targetHints":{"allow":["GET"]}}],"collection":[{"href":"https:\/\/peekandpack.com\/es\/wp-json\/wp\/v2\/product"}],"about":[{"href":"https:\/\/peekandpack.com\/es\/wp-json\/wp\/v2\/types\/product"}],"replies":[{"embeddable":true,"href":"https:\/\/peekandpack.com\/es\/wp-json\/wp\/v2\/comments?post=17334"}],"wp:featuredmedia":[{"embeddable":true,"href":"https:\/\/peekandpack.com\/es\/wp-json\/wp\/v2\/media\/17329"}],"wp:attachment":[{"href":"https:\/\/peekandpack.com\/es\/wp-json\/wp\/v2\/media?parent=17334"}],"wp:term":[{"taxonomy":"post_tag","embeddable":true,"href":"https:\/\/peekandpack.com\/es\/wp-json\/wp\/v2\/tags?post=17334"},{"taxonomy":"product_brand","embeddable":true,"href":"https:\/\/peekandpack.com\/es\/wp-json\/wp\/v2\/product_brand?post=17334"},{"taxonomy":"product_cat","embeddable":true,"href":"https:\/\/peekandpack.com\/es\/wp-json\/wp\/v2\/product_cat?post=17334"}],"curies":[{"name":"wp","href":"https:\/\/api.w.org\/{rel}","templated":true}]}}