{"id":17141,"date":"2024-01-26T11:02:55","date_gmt":"2024-01-26T11:05:26","guid":{"rendered":"https:\/\/peekandpack.com\/?post_type=product&#038;p=17141"},"modified":"2024-01-26T11:05:54","modified_gmt":"2024-01-26T11:05:54","slug":"cojin-bordado-burdeos-hkliving-90x30","status":"publish","type":"product","link":"https:\/\/peekandpack.com\/es\/producto\/cojin-bordado-burdeos-hkliving-90x30\/","title":{"rendered":"COJ\u00cdN BORDADO BURDEOS HKLIVING 90X30"},"content":{"rendered":"<p>Coj\u00edn con doble dise\u00f1o, te permite cambiar el estilo decorativo dependiendo del lado que lo pongan.<\/p>\n<p>Por un lado, un tono burdeos bordado a mano y por el otro en algod\u00f3n pintado en tono beige.<\/p>\n<p>Medidas: 90&#215;30<\/p>\n<p>HKliving<\/p>\n","protected":false},"excerpt":{"rendered":"<p>Coj\u00edn bordado HKliving<\/p>\n","protected":false},"featured_media":17136,"comment_status":"closed","ping_status":"closed","template":"","meta":[],"tags":[],"product_brand":[],"product_cat":[49,25,18,17],"class_list":{"0":"post-17141","1":"product","2":"type-product","3":"status-publish","4":"has-post-thumbnail","6":"product_cat-decotextiles-es","7":"product_cat-minus90","8":"product_cat-peek","9":"product_cat-currentmonth","10":"product_shipping_class-standard-shipping-es","12":"first","13":"instock","14":"taxable","15":"shipping-taxable","16":"purchasable","17":"product-type-simple"},"_links":{"self":[{"href":"https:\/\/peekandpack.com\/es\/wp-json\/wp\/v2\/product\/17141","targetHints":{"allow":["GET"]}}],"collection":[{"href":"https:\/\/peekandpack.com\/es\/wp-json\/wp\/v2\/product"}],"about":[{"href":"https:\/\/peekandpack.com\/es\/wp-json\/wp\/v2\/types\/product"}],"replies":[{"embeddable":true,"href":"https:\/\/peekandpack.com\/es\/wp-json\/wp\/v2\/comments?post=17141"}],"wp:featuredmedia":[{"embeddable":true,"href":"https:\/\/peekandpack.com\/es\/wp-json\/wp\/v2\/media\/17136"}],"wp:attachment":[{"href":"https:\/\/peekandpack.com\/es\/wp-json\/wp\/v2\/media?parent=17141"}],"wp:term":[{"taxonomy":"post_tag","embeddable":true,"href":"https:\/\/peekandpack.com\/es\/wp-json\/wp\/v2\/tags?post=17141"},{"taxonomy":"product_brand","embeddable":true,"href":"https:\/\/peekandpack.com\/es\/wp-json\/wp\/v2\/product_brand?post=17141"},{"taxonomy":"product_cat","embeddable":true,"href":"https:\/\/peekandpack.com\/es\/wp-json\/wp\/v2\/product_cat?post=17141"}],"curies":[{"name":"wp","href":"https:\/\/api.w.org\/{rel}","templated":true}]}}