{"id":17047,"date":"2024-01-22T16:35:14","date_gmt":"2024-01-22T16:36:48","guid":{"rendered":"https:\/\/peekandpack.com\/?post_type=product&#038;p=17047"},"modified":"2024-01-22T16:36:49","modified_gmt":"2024-01-22T16:36:49","slug":"neon-smile-led","status":"publish","type":"product","link":"https:\/\/peekandpack.com\/es\/producto\/neon-smile-led\/","title":{"rendered":"Ne\u00f3n SMILE led"},"content":{"rendered":"<p>Ne\u00f3n de Led con forma de SMILE, tiene una luz amarilla c\u00e1lida, perfecto para cualquier\u00a0 zona de la casa, en Peek&amp;Pack nos encanta para habitaciones juveniles o cuartos de juegos.<\/p>\n<p>Incluye un regulador de intensidad con mando.<\/p>\n<p>Incluye 2 metros de cable de alimentaci\u00f3n transparente delgado (3 mm) que se conecta a una toma de corriente normal a trav\u00e9s de un transformador de pared de 12 V. S\u00faper seguro y peque\u00f1o.<\/p>\n<p>Carteles de ne\u00f3n\u00a0 dise\u00f1ados para uso en interiores y para colgar en la pared con los ganchos para cuadros.\u00a0 Los letreros de ne\u00f3n usan ne\u00f3n LED flexible y duran hasta 50,000 horas o 12 a\u00f1os de uso continuo.<\/p>\n<p>Entrega: 3 semanas<\/p>\n<p>Hecho en Espa\u00f1a<\/p>\n","protected":false},"excerpt":{"rendered":"<p>NEON SMILE<\/p>\n","protected":false},"featured_media":17046,"comment_status":"closed","ping_status":"closed","template":"","meta":[],"tags":[],"product_brand":[],"product_cat":[50,27,18,17],"class_list":{"0":"post-17047","1":"product","2":"type-product","3":"status-publish","4":"has-post-thumbnail","6":"product_cat-lamparas-infantiles","7":"product_cat-plus250","8":"product_cat-peek","9":"product_cat-currentmonth","10":"product_shipping_class-standard-shipping-es","12":"first","13":"instock","14":"taxable","15":"shipping-taxable","16":"purchasable","17":"product-type-simple"},"_links":{"self":[{"href":"https:\/\/peekandpack.com\/es\/wp-json\/wp\/v2\/product\/17047","targetHints":{"allow":["GET"]}}],"collection":[{"href":"https:\/\/peekandpack.com\/es\/wp-json\/wp\/v2\/product"}],"about":[{"href":"https:\/\/peekandpack.com\/es\/wp-json\/wp\/v2\/types\/product"}],"replies":[{"embeddable":true,"href":"https:\/\/peekandpack.com\/es\/wp-json\/wp\/v2\/comments?post=17047"}],"wp:featuredmedia":[{"embeddable":true,"href":"https:\/\/peekandpack.com\/es\/wp-json\/wp\/v2\/media\/17046"}],"wp:attachment":[{"href":"https:\/\/peekandpack.com\/es\/wp-json\/wp\/v2\/media?parent=17047"}],"wp:term":[{"taxonomy":"post_tag","embeddable":true,"href":"https:\/\/peekandpack.com\/es\/wp-json\/wp\/v2\/tags?post=17047"},{"taxonomy":"product_brand","embeddable":true,"href":"https:\/\/peekandpack.com\/es\/wp-json\/wp\/v2\/product_brand?post=17047"},{"taxonomy":"product_cat","embeddable":true,"href":"https:\/\/peekandpack.com\/es\/wp-json\/wp\/v2\/product_cat?post=17047"}],"curies":[{"name":"wp","href":"https:\/\/api.w.org\/{rel}","templated":true}]}}