{"id":15658,"date":"2023-11-20T16:21:01","date_gmt":"2023-11-20T16:25:18","guid":{"rendered":"https:\/\/peekandpack.com\/?post_type=product&#038;p=15658"},"modified":"2023-11-20T16:26:46","modified_gmt":"2023-11-20T16:26:46","slug":"papel-pintado-nayades-little-cabari","status":"publish","type":"product","link":"https:\/\/peekandpack.com\/es\/producto\/papel-pintado-nayades-little-cabari\/","title":{"rendered":"Papel Pintado N\u00e1yades Little Cabari"},"content":{"rendered":"<p>D\u00e9jate transportar por la magia de este nuevo dise\u00f1o, dentro de la colecci\u00f3n CROISI\u00c8RE, en el que las n\u00e1yades, con su m\u00e1gico encanto, se mezclan armoniosamente con los colores vibrantes de las carpas koi.<br \/>\nUnidad de venta: rollo de 50cmx10mts (para cubrir unos 5m2)<br \/>\nConexi\u00f3n recta: V39.65cm H50cm<br \/>\nPeso: 150gr\/m2<br \/>\nComposici\u00f3n: 100% no tejido<br \/>\nClasificaci\u00f3n al fuego: BS1DO (M1)<\/p>\n<p>Hecho en Francia<\/p>\n<p>Disponible en 4 colores: Tormenta, Dorado, Oc\u00e9ano y Almendra.<\/p>\n","protected":false},"excerpt":{"rendered":"<p>Papel Pintado N\u00e1yades de Little Cabari<\/p>\n","protected":false},"featured_media":15649,"comment_status":"closed","ping_status":"closed","template":"","meta":[],"tags":[],"product_brand":[],"product_cat":[49,26,96,18,17],"class_list":{"0":"post-15658","1":"product","2":"type-product","3":"status-publish","4":"has-post-thumbnail","6":"product_cat-decotextiles-es","7":"product_cat-minus240","8":"product_cat-papel-pintado","9":"product_cat-peek","10":"product_cat-currentmonth","12":"first","13":"instock","14":"taxable","15":"shipping-taxable","16":"purchasable","17":"product-type-variable"},"_links":{"self":[{"href":"https:\/\/peekandpack.com\/es\/wp-json\/wp\/v2\/product\/15658","targetHints":{"allow":["GET"]}}],"collection":[{"href":"https:\/\/peekandpack.com\/es\/wp-json\/wp\/v2\/product"}],"about":[{"href":"https:\/\/peekandpack.com\/es\/wp-json\/wp\/v2\/types\/product"}],"replies":[{"embeddable":true,"href":"https:\/\/peekandpack.com\/es\/wp-json\/wp\/v2\/comments?post=15658"}],"wp:featuredmedia":[{"embeddable":true,"href":"https:\/\/peekandpack.com\/es\/wp-json\/wp\/v2\/media\/15649"}],"wp:attachment":[{"href":"https:\/\/peekandpack.com\/es\/wp-json\/wp\/v2\/media?parent=15658"}],"wp:term":[{"taxonomy":"post_tag","embeddable":true,"href":"https:\/\/peekandpack.com\/es\/wp-json\/wp\/v2\/tags?post=15658"},{"taxonomy":"product_brand","embeddable":true,"href":"https:\/\/peekandpack.com\/es\/wp-json\/wp\/v2\/product_brand?post=15658"},{"taxonomy":"product_cat","embeddable":true,"href":"https:\/\/peekandpack.com\/es\/wp-json\/wp\/v2\/product_cat?post=15658"}],"curies":[{"name":"wp","href":"https:\/\/api.w.org\/{rel}","templated":true}]}}