{"id":15546,"date":"2023-11-14T16:45:03","date_gmt":"2023-11-14T16:49:15","guid":{"rendered":"https:\/\/peekandpack.com\/?post_type=product&#038;p=15546"},"modified":"2023-11-14T16:50:24","modified_gmt":"2023-11-14T16:50:24","slug":"friso-de-papel-pintado-melisande-de-mues-design","status":"publish","type":"product","link":"https:\/\/peekandpack.com\/es\/producto\/friso-de-papel-pintado-melisande-de-mues-design\/","title":{"rendered":"Friso de papel pintado M\u00e9lisande de Mues Design"},"content":{"rendered":"<p>Esta serie de papeles pintados dise\u00f1ados por Mues Design se inspiran en decorados de teatro y\u00a0 hacen eco de los colores de los teatros de \u00f3pera m\u00e1s bellos del mundo, desde Praga hasta San Petersburgo, pasando por los de Par\u00eds, Viena y Sydney. Originariamente realizado a mano, M\u00c9LISANDE fue pintada al \u00f3leo sobre un lienzo para obtener un efecto de textura y profundidad y en algunos lugares incluso se pueden adivinar algunas l\u00edneas de l\u00e1piz y ver el marco del lienzo.<\/p>\n<p>Que empiece el espect\u00e1culo !<\/p>\n<p>Hecho en Francia<\/p>\n<p>600x27cm.<\/p>\n<p>Entrega 3 o 4 semanas.<\/p>\n","protected":false},"excerpt":{"rendered":"<p>Friso de papel pintado de Mues Design<\/p>\n","protected":false},"featured_media":15531,"comment_status":"closed","ping_status":"closed","template":"","meta":[],"tags":[],"product_brand":[],"product_cat":[49,25,96,18,17],"class_list":{"0":"post-15546","1":"product","2":"type-product","3":"status-publish","4":"has-post-thumbnail","6":"product_cat-decotextiles-es","7":"product_cat-minus90","8":"product_cat-papel-pintado","9":"product_cat-peek","10":"product_cat-currentmonth","12":"first","13":"instock","14":"taxable","15":"shipping-taxable","16":"purchasable","17":"product-type-variable"},"_links":{"self":[{"href":"https:\/\/peekandpack.com\/es\/wp-json\/wp\/v2\/product\/15546","targetHints":{"allow":["GET"]}}],"collection":[{"href":"https:\/\/peekandpack.com\/es\/wp-json\/wp\/v2\/product"}],"about":[{"href":"https:\/\/peekandpack.com\/es\/wp-json\/wp\/v2\/types\/product"}],"replies":[{"embeddable":true,"href":"https:\/\/peekandpack.com\/es\/wp-json\/wp\/v2\/comments?post=15546"}],"wp:featuredmedia":[{"embeddable":true,"href":"https:\/\/peekandpack.com\/es\/wp-json\/wp\/v2\/media\/15531"}],"wp:attachment":[{"href":"https:\/\/peekandpack.com\/es\/wp-json\/wp\/v2\/media?parent=15546"}],"wp:term":[{"taxonomy":"post_tag","embeddable":true,"href":"https:\/\/peekandpack.com\/es\/wp-json\/wp\/v2\/tags?post=15546"},{"taxonomy":"product_brand","embeddable":true,"href":"https:\/\/peekandpack.com\/es\/wp-json\/wp\/v2\/product_brand?post=15546"},{"taxonomy":"product_cat","embeddable":true,"href":"https:\/\/peekandpack.com\/es\/wp-json\/wp\/v2\/product_cat?post=15546"}],"curies":[{"name":"wp","href":"https:\/\/api.w.org\/{rel}","templated":true}]}}