{"id":15275,"date":"2023-10-31T12:49:15","date_gmt":"2023-10-31T12:52:59","guid":{"rendered":"https:\/\/peekandpack.com\/?post_type=product&#038;p=15275"},"modified":"2023-10-31T13:02:08","modified_gmt":"2023-10-31T13:02:08","slug":"apesanteur-mural-alix-waline-para-bien-fait","status":"publish","type":"product","link":"https:\/\/peekandpack.com\/es\/producto\/apesanteur-mural-alix-waline-para-bien-fait\/","title":{"rendered":"APESANTEUR mural Alix Waline para Bien Fait"},"content":{"rendered":"<p>Trabajando el ritmo y el equilibrio de formas suspendidas que se rozan entre s\u00ed, tocar o enredar,&#8230;\u00a0 Alix Waline pone luz a la m\u00fasica para cuestionar mejor los sentidos y la percepci\u00f3n. Dibujadas con l\u00e1piz, tinta y rotulador, estas formas inspiradas en minerales dan lugar a esta panor\u00e1mica modular.<\/p>\n<p>Formatos est\u00e1ndar (para dise\u00f1os a medida, consultar):<\/p>\n<p>Tira \u00fanica L.120 x H.280 cm<br \/>\nPeque\u00f1o: L.180 x H.280 cm (3 tiras de 60cm x H.280cm)<br \/>\nMediano: L.240 x H.280 cm (4 tiras de 60cm x H.280cm)<br \/>\nGrande: L.360 x H.280 cm (6 tiras de 60cm x H.280cm).<\/p>\n<p>Hecho en Francia<\/p>\n<p>Plazo de entrega: 4 semanas<\/p>\n","protected":false},"excerpt":{"rendered":"<p>Alix Waline para Bien Fait<\/p>\n","protected":false},"featured_media":15258,"comment_status":"closed","ping_status":"closed","template":"","meta":[],"tags":[],"product_brand":[],"product_cat":[49,27,96,18,17],"class_list":{"0":"post-15275","1":"product","2":"type-product","3":"status-publish","4":"has-post-thumbnail","6":"product_cat-decotextiles-es","7":"product_cat-plus250","8":"product_cat-papel-pintado","9":"product_cat-peek","10":"product_cat-currentmonth","11":"product_shipping_class-standard-shipping-es","13":"first","14":"instock","15":"taxable","16":"shipping-taxable","17":"purchasable","18":"product-type-variable"},"_links":{"self":[{"href":"https:\/\/peekandpack.com\/es\/wp-json\/wp\/v2\/product\/15275","targetHints":{"allow":["GET"]}}],"collection":[{"href":"https:\/\/peekandpack.com\/es\/wp-json\/wp\/v2\/product"}],"about":[{"href":"https:\/\/peekandpack.com\/es\/wp-json\/wp\/v2\/types\/product"}],"replies":[{"embeddable":true,"href":"https:\/\/peekandpack.com\/es\/wp-json\/wp\/v2\/comments?post=15275"}],"wp:featuredmedia":[{"embeddable":true,"href":"https:\/\/peekandpack.com\/es\/wp-json\/wp\/v2\/media\/15258"}],"wp:attachment":[{"href":"https:\/\/peekandpack.com\/es\/wp-json\/wp\/v2\/media?parent=15275"}],"wp:term":[{"taxonomy":"post_tag","embeddable":true,"href":"https:\/\/peekandpack.com\/es\/wp-json\/wp\/v2\/tags?post=15275"},{"taxonomy":"product_brand","embeddable":true,"href":"https:\/\/peekandpack.com\/es\/wp-json\/wp\/v2\/product_brand?post=15275"},{"taxonomy":"product_cat","embeddable":true,"href":"https:\/\/peekandpack.com\/es\/wp-json\/wp\/v2\/product_cat?post=15275"}],"curies":[{"name":"wp","href":"https:\/\/api.w.org\/{rel}","templated":true}]}}