{"id":14958,"date":"2023-10-02T10:01:57","date_gmt":"2023-10-02T10:07:57","guid":{"rendered":"https:\/\/peekandpack.com\/?post_type=product&#038;p=14958"},"modified":"2023-10-02T10:09:19","modified_gmt":"2023-10-02T10:09:19","slug":"papel-pintado-maioun-granate","status":"publish","type":"product","link":"https:\/\/peekandpack.com\/es\/producto\/papel-pintado-maioun-granate\/","title":{"rendered":"Papel Pintado Ma\u00efoun Granate"},"content":{"rendered":"<p>Con un\u00a0 aire\u00a0 provenzal y revividos por el trazo m\u00e1gico del l\u00e1piz de la dise\u00f1adora Margaux Keller, los papeles pintados Ma\u00efoun se centran en\u00a0 tonos de color potentes y una raya atrevida. Nueva colecci\u00f3n \u00fanica para Bien Fait Paris.<\/p>\n<p>Color: GRANATE<\/p>\n<p>Este papel pintado est\u00e1 disponible a medida, en formatos est\u00e1ndar conectables (el patr\u00f3n se repite cada 120 cm):<\/p>\n<p>tira \u00fanica 120 x 280 cm, f<\/p>\n<p>ormato M: L.240 x H.280 cm (2 tiras de 60 cm x H.280 cm) y<\/p>\n<p>formato L: L.360 x H.280 cl (4 tiras de 60cm x H.280cm)<\/p>\n<p>Entrega en 3 \u00f3 4 semanas<\/p>\n<p>Hecho en Francia<\/p>\n","protected":false},"excerpt":{"rendered":"<p>Colecci\u00f3n Papeles Pintados Margaus Keller para Bien Fait<\/p>\n","protected":false},"featured_media":14951,"comment_status":"closed","ping_status":"closed","template":"","meta":[],"tags":[],"product_brand":[],"product_cat":[49,27,96,18,17],"class_list":{"0":"post-14958","1":"product","2":"type-product","3":"status-publish","4":"has-post-thumbnail","6":"product_cat-decotextiles-es","7":"product_cat-plus250","8":"product_cat-papel-pintado","9":"product_cat-peek","10":"product_cat-currentmonth","11":"product_shipping_class-standard-shipping-es","13":"first","14":"instock","15":"taxable","16":"shipping-taxable","17":"purchasable","18":"product-type-variable"},"_links":{"self":[{"href":"https:\/\/peekandpack.com\/es\/wp-json\/wp\/v2\/product\/14958","targetHints":{"allow":["GET"]}}],"collection":[{"href":"https:\/\/peekandpack.com\/es\/wp-json\/wp\/v2\/product"}],"about":[{"href":"https:\/\/peekandpack.com\/es\/wp-json\/wp\/v2\/types\/product"}],"replies":[{"embeddable":true,"href":"https:\/\/peekandpack.com\/es\/wp-json\/wp\/v2\/comments?post=14958"}],"wp:featuredmedia":[{"embeddable":true,"href":"https:\/\/peekandpack.com\/es\/wp-json\/wp\/v2\/media\/14951"}],"wp:attachment":[{"href":"https:\/\/peekandpack.com\/es\/wp-json\/wp\/v2\/media?parent=14958"}],"wp:term":[{"taxonomy":"post_tag","embeddable":true,"href":"https:\/\/peekandpack.com\/es\/wp-json\/wp\/v2\/tags?post=14958"},{"taxonomy":"product_brand","embeddable":true,"href":"https:\/\/peekandpack.com\/es\/wp-json\/wp\/v2\/product_brand?post=14958"},{"taxonomy":"product_cat","embeddable":true,"href":"https:\/\/peekandpack.com\/es\/wp-json\/wp\/v2\/product_cat?post=14958"}],"curies":[{"name":"wp","href":"https:\/\/api.w.org\/{rel}","templated":true}]}}