{"id":14936,"date":"2023-09-18T16:42:25","date_gmt":"2023-09-18T17:07:19","guid":{"rendered":"https:\/\/peekandpack.com\/?post_type=product&#038;p=14936"},"modified":"2023-09-18T17:19:58","modified_gmt":"2023-09-18T17:19:58","slug":"sillon-outdoor-retro-de-hkliving","status":"publish","type":"product","link":"https:\/\/peekandpack.com\/es\/producto\/sillon-outdoor-retro-de-hkliving\/","title":{"rendered":"Sill\u00f3n OUTDOOR retro de HKLIVING"},"content":{"rendered":"<p>T\u00fambate al fresco sin sentirte culpable!<\/p>\n<p>El espacioso sill\u00f3n Retro de HKliving tiene una estructura de espuma de alta densidad que lo hace s\u00faper liviano e incre\u00edblemente c\u00f3modo.<\/p>\n<p>Material:<br \/>\nCuerpo: espuma dryfeel. Cubierta: 100% olefina<br \/>\nElimina las manchas no grasas frot\u00e1ndolas suavemente con un pa\u00f1o sin pelusa o una esponja escurrida en agua limpia y tibia. Si es necesario, l\u00edmpialo con agua jabonosa y un poco de jab\u00f3n para platos. Finalmente, frota la superficie con agua limpia.<\/p>\n<p>Dimensiones: 105x105x75cm<br \/>\nAltura del asiento (cm): 40<br \/>\nAltura del respaldo (cm): 75<\/p>\n<p>Entregas s\u00f3lo en Espa\u00f1a (plazo\u00a0 de 4 a 6 semanas)<\/p>\n","protected":false},"excerpt":{"rendered":"<p>Sill\u00f3n de exterior de HKliving<\/p>\n","protected":false},"featured_media":14927,"comment_status":"closed","ping_status":"closed","template":"","meta":[],"tags":[],"product_brand":[],"product_cat":[27,55,18,17],"class_list":{"0":"post-14936","1":"product","2":"type-product","3":"status-publish","4":"has-post-thumbnail","6":"product_cat-plus250","7":"product_cat-mobiliario-infantil","8":"product_cat-peek","9":"product_cat-currentmonth","10":"product_shipping_class-furniture-65-es","12":"first","13":"instock","14":"taxable","15":"shipping-taxable","16":"purchasable","17":"product-type-simple"},"_links":{"self":[{"href":"https:\/\/peekandpack.com\/es\/wp-json\/wp\/v2\/product\/14936","targetHints":{"allow":["GET"]}}],"collection":[{"href":"https:\/\/peekandpack.com\/es\/wp-json\/wp\/v2\/product"}],"about":[{"href":"https:\/\/peekandpack.com\/es\/wp-json\/wp\/v2\/types\/product"}],"replies":[{"embeddable":true,"href":"https:\/\/peekandpack.com\/es\/wp-json\/wp\/v2\/comments?post=14936"}],"wp:featuredmedia":[{"embeddable":true,"href":"https:\/\/peekandpack.com\/es\/wp-json\/wp\/v2\/media\/14927"}],"wp:attachment":[{"href":"https:\/\/peekandpack.com\/es\/wp-json\/wp\/v2\/media?parent=14936"}],"wp:term":[{"taxonomy":"post_tag","embeddable":true,"href":"https:\/\/peekandpack.com\/es\/wp-json\/wp\/v2\/tags?post=14936"},{"taxonomy":"product_brand","embeddable":true,"href":"https:\/\/peekandpack.com\/es\/wp-json\/wp\/v2\/product_brand?post=14936"},{"taxonomy":"product_cat","embeddable":true,"href":"https:\/\/peekandpack.com\/es\/wp-json\/wp\/v2\/product_cat?post=14936"}],"curies":[{"name":"wp","href":"https:\/\/api.w.org\/{rel}","templated":true}]}}