{"id":14907,"date":"2023-09-15T12:06:36","date_gmt":"2023-09-15T12:09:56","guid":{"rendered":"https:\/\/peekandpack.com\/?post_type=product&#038;p=14907"},"modified":"2023-09-15T12:11:36","modified_gmt":"2023-09-15T12:11:36","slug":"lampara-mesa-louge-de-hkliving","status":"publish","type":"product","link":"https:\/\/peekandpack.com\/es\/producto\/lampara-mesa-louge-de-hkliving\/","title":{"rendered":"Lampara mesa Louge de HKliving"},"content":{"rendered":"<p>La l\u00e1mpara de mesa Lounge dise\u00f1o incre\u00edble de HKliving.\u00a0 Tanto la pantalla redonda\u00a0 como la base cil\u00edndrica est\u00e1n iluminadas. El dise\u00f1o crea una est\u00e9tica original y contempor\u00e1nea.<\/p>\n<p>Dise\u00f1o: HKliving<\/p>\n<p>Material: vidrio acr\u00edlico, cableado el\u00e9ctrico.<br \/>\nOpciones: Blanco y Negro, Crema, Moca y Cromo.<br \/>\nDimensiones: 47x47x49cm<br \/>\nLongitud del cableado (cm): 190<br \/>\nEntrega 4 semanas.<\/p>\n","protected":false},"excerpt":{"rendered":"<p>L\u00e1mpara de mesa Lounge de HKliving<\/p>\n","protected":false},"featured_media":14896,"comment_status":"closed","ping_status":"closed","template":"","meta":[],"tags":[],"product_brand":[],"product_cat":[50,27,18,17],"class_list":{"0":"post-14907","1":"product","2":"type-product","3":"status-publish","4":"has-post-thumbnail","6":"product_cat-lamparas-infantiles","7":"product_cat-plus250","8":"product_cat-peek","9":"product_cat-currentmonth","10":"product_shipping_class-furniture-es","12":"first","13":"instock","14":"taxable","15":"shipping-taxable","16":"purchasable","17":"product-type-variable"},"_links":{"self":[{"href":"https:\/\/peekandpack.com\/es\/wp-json\/wp\/v2\/product\/14907","targetHints":{"allow":["GET"]}}],"collection":[{"href":"https:\/\/peekandpack.com\/es\/wp-json\/wp\/v2\/product"}],"about":[{"href":"https:\/\/peekandpack.com\/es\/wp-json\/wp\/v2\/types\/product"}],"replies":[{"embeddable":true,"href":"https:\/\/peekandpack.com\/es\/wp-json\/wp\/v2\/comments?post=14907"}],"wp:featuredmedia":[{"embeddable":true,"href":"https:\/\/peekandpack.com\/es\/wp-json\/wp\/v2\/media\/14896"}],"wp:attachment":[{"href":"https:\/\/peekandpack.com\/es\/wp-json\/wp\/v2\/media?parent=14907"}],"wp:term":[{"taxonomy":"post_tag","embeddable":true,"href":"https:\/\/peekandpack.com\/es\/wp-json\/wp\/v2\/tags?post=14907"},{"taxonomy":"product_brand","embeddable":true,"href":"https:\/\/peekandpack.com\/es\/wp-json\/wp\/v2\/product_brand?post=14907"},{"taxonomy":"product_cat","embeddable":true,"href":"https:\/\/peekandpack.com\/es\/wp-json\/wp\/v2\/product_cat?post=14907"}],"curies":[{"name":"wp","href":"https:\/\/api.w.org\/{rel}","templated":true}]}}