{"id":14776,"date":"2023-06-05T10:29:06","date_gmt":"2023-06-05T10:32:27","guid":{"rendered":"https:\/\/peekandpack.com\/?post_type=product&#038;p=14776"},"modified":"2023-06-05T10:39:15","modified_gmt":"2023-06-05T10:39:15","slug":"papel-pintado-bibi-de-mues-design","status":"publish","type":"product","link":"https:\/\/peekandpack.com\/es\/producto\/papel-pintado-bibi-de-mues-design\/","title":{"rendered":"Papel Pintado Bibi de Mues Design"},"content":{"rendered":"<p>Con sus bonitas vieiras cortadas con l\u00e1ser como una trenza, el papel pintado BIBI es una paleta de colores alegres y contrastes, es ideal para despertar una pared con mucha poes\u00eda y originalidad!<\/p>\n<p>Papel pintado no tejido lavable de 147g\/m2<br \/>\n\u00a1F\u00e1cil y r\u00e1pido de aplicar y quitar, consulte nuestra gu\u00eda de aplicaci\u00f3n!<br \/>\nMateriales que respetan las normas sanitarias y medioambientales<br \/>\nTintas sin disolventes aptas para ni\u00f1os y lugares p\u00fablicos<br \/>\nHecho en Francia<\/p>\n<p>Panel: 60cm x 280cm<\/p>\n<p>Entrega: 3 o 4 semanas<\/p>\n","protected":false},"excerpt":{"rendered":"<p>Papel Pintado BIBI de Mues Design<\/p>\n","protected":false},"featured_media":14775,"comment_status":"closed","ping_status":"closed","template":"","meta":[],"tags":[],"product_brand":[],"product_cat":[49,26,96,18,17],"class_list":{"0":"post-14776","1":"product","2":"type-product","3":"status-publish","4":"has-post-thumbnail","6":"product_cat-decotextiles-es","7":"product_cat-minus240","8":"product_cat-papel-pintado","9":"product_cat-peek","10":"product_cat-currentmonth","12":"first","13":"instock","14":"taxable","15":"shipping-taxable","16":"purchasable","17":"product-type-variable"},"_links":{"self":[{"href":"https:\/\/peekandpack.com\/es\/wp-json\/wp\/v2\/product\/14776","targetHints":{"allow":["GET"]}}],"collection":[{"href":"https:\/\/peekandpack.com\/es\/wp-json\/wp\/v2\/product"}],"about":[{"href":"https:\/\/peekandpack.com\/es\/wp-json\/wp\/v2\/types\/product"}],"replies":[{"embeddable":true,"href":"https:\/\/peekandpack.com\/es\/wp-json\/wp\/v2\/comments?post=14776"}],"wp:featuredmedia":[{"embeddable":true,"href":"https:\/\/peekandpack.com\/es\/wp-json\/wp\/v2\/media\/14775"}],"wp:attachment":[{"href":"https:\/\/peekandpack.com\/es\/wp-json\/wp\/v2\/media?parent=14776"}],"wp:term":[{"taxonomy":"post_tag","embeddable":true,"href":"https:\/\/peekandpack.com\/es\/wp-json\/wp\/v2\/tags?post=14776"},{"taxonomy":"product_brand","embeddable":true,"href":"https:\/\/peekandpack.com\/es\/wp-json\/wp\/v2\/product_brand?post=14776"},{"taxonomy":"product_cat","embeddable":true,"href":"https:\/\/peekandpack.com\/es\/wp-json\/wp\/v2\/product_cat?post=14776"}],"curies":[{"name":"wp","href":"https:\/\/api.w.org\/{rel}","templated":true}]}}