{"id":14552,"date":"2023-04-21T15:23:46","date_gmt":"2023-04-21T15:41:47","guid":{"rendered":"https:\/\/peekandpack.com\/?post_type=product&#038;p=14552"},"modified":"2023-04-21T16:04:13","modified_gmt":"2023-04-21T16:04:13","slug":"espejo-redondeado-hkliving","status":"publish","type":"product","link":"https:\/\/peekandpack.com\/es\/producto\/espejo-redondeado-hkliving\/","title":{"rendered":"Espejo Redondeado HKliving"},"content":{"rendered":"<p>El marco redondeado plateado le dar\u00e1 el toque especial all\u00e1 donde lo pongas. No podr\u00e1s quitarle los ojos de encima, pero eso podr\u00eda tener algo que ver con el reflejo del espejo.<br \/>\nMaterial: acero de grado 304, vidrio<br \/>\nDimensiones: 45x80x7,5cm<\/p>\n<p>HKliving<\/p>\n<p>Entregas solo en Espa\u00f1a<\/p>\n","protected":false},"excerpt":{"rendered":"<p>Espejo redondeado HKliving<\/p>\n","protected":false},"featured_media":14558,"comment_status":"closed","ping_status":"closed","template":"","meta":[],"tags":[],"product_brand":[],"product_cat":[49,27,55,17],"class_list":{"0":"post-14552","1":"product","2":"type-product","3":"status-publish","4":"has-post-thumbnail","6":"product_cat-decotextiles-es","7":"product_cat-plus250","8":"product_cat-mobiliario-infantil","9":"product_cat-currentmonth","10":"product_shipping_class-standard-shipping-es","12":"first","13":"instock","14":"taxable","15":"shipping-taxable","16":"purchasable","17":"product-type-simple"},"_links":{"self":[{"href":"https:\/\/peekandpack.com\/es\/wp-json\/wp\/v2\/product\/14552","targetHints":{"allow":["GET"]}}],"collection":[{"href":"https:\/\/peekandpack.com\/es\/wp-json\/wp\/v2\/product"}],"about":[{"href":"https:\/\/peekandpack.com\/es\/wp-json\/wp\/v2\/types\/product"}],"replies":[{"embeddable":true,"href":"https:\/\/peekandpack.com\/es\/wp-json\/wp\/v2\/comments?post=14552"}],"wp:featuredmedia":[{"embeddable":true,"href":"https:\/\/peekandpack.com\/es\/wp-json\/wp\/v2\/media\/14558"}],"wp:attachment":[{"href":"https:\/\/peekandpack.com\/es\/wp-json\/wp\/v2\/media?parent=14552"}],"wp:term":[{"taxonomy":"post_tag","embeddable":true,"href":"https:\/\/peekandpack.com\/es\/wp-json\/wp\/v2\/tags?post=14552"},{"taxonomy":"product_brand","embeddable":true,"href":"https:\/\/peekandpack.com\/es\/wp-json\/wp\/v2\/product_brand?post=14552"},{"taxonomy":"product_cat","embeddable":true,"href":"https:\/\/peekandpack.com\/es\/wp-json\/wp\/v2\/product_cat?post=14552"}],"curies":[{"name":"wp","href":"https:\/\/api.w.org\/{rel}","templated":true}]}}