{"id":14491,"date":"2023-04-17T16:36:56","date_gmt":"2023-04-17T16:49:25","guid":{"rendered":"https:\/\/peekandpack.com\/?post_type=product&#038;p=14491"},"modified":"2023-04-17T16:54:41","modified_gmt":"2023-04-17T16:54:41","slug":"sofa-exterior-teka-de-hkliving","status":"publish","type":"product","link":"https:\/\/peekandpack.com\/es\/producto\/sofa-exterior-teka-de-hkliving\/","title":{"rendered":"SOF\u00c1 EXTERIOR TEKA DE HKLIVING"},"content":{"rendered":"<p>Sof\u00e1 para exterior que est\u00e1n dise\u00f1ados para integrarse en un paisaje natural o en entorno urbano.<\/p>\n<p>Su marco de madera de teca limpia abraza los c\u00f3modos cojines del sof\u00e1, creando un encantador lugar para descansar.<\/p>\n<p>Material: Cubierta: 100% olefina, Relleno: D40, D30, Espuma Dacron, Estructura: madera de teca<br \/>\nDimensiones: 227&#215;93,5x67cm<br \/>\nAltura del asiento (cm): 38<br \/>\nProfundidad del asiento (cm): 74<br \/>\nAncho del asiento (cm): 190<br \/>\nAltura reposabrazos (cm): 58<br \/>\nAltura respaldo (cm): 29<\/p>\n<p>Fecha prevista de existencias: 14-07-2023<br \/>\nEntrega solo en Madrid (otras ciudades a cotizar)<\/p>\n","protected":false},"excerpt":{"rendered":"<p>Sof\u00e1 exterior Teka de HKliving<\/p>\n","protected":false},"featured_media":14493,"comment_status":"closed","ping_status":"closed","template":"","meta":[],"tags":[],"product_brand":[],"product_cat":[27,55,17],"class_list":{"0":"post-14491","1":"product","2":"type-product","3":"status-publish","4":"has-post-thumbnail","6":"product_cat-plus250","7":"product_cat-mobiliario-infantil","8":"product_cat-currentmonth","9":"product_shipping_class-furniture-100-es","11":"first","12":"instock","13":"taxable","14":"shipping-taxable","15":"purchasable","16":"product-type-simple"},"_links":{"self":[{"href":"https:\/\/peekandpack.com\/es\/wp-json\/wp\/v2\/product\/14491","targetHints":{"allow":["GET"]}}],"collection":[{"href":"https:\/\/peekandpack.com\/es\/wp-json\/wp\/v2\/product"}],"about":[{"href":"https:\/\/peekandpack.com\/es\/wp-json\/wp\/v2\/types\/product"}],"replies":[{"embeddable":true,"href":"https:\/\/peekandpack.com\/es\/wp-json\/wp\/v2\/comments?post=14491"}],"wp:featuredmedia":[{"embeddable":true,"href":"https:\/\/peekandpack.com\/es\/wp-json\/wp\/v2\/media\/14493"}],"wp:attachment":[{"href":"https:\/\/peekandpack.com\/es\/wp-json\/wp\/v2\/media?parent=14491"}],"wp:term":[{"taxonomy":"post_tag","embeddable":true,"href":"https:\/\/peekandpack.com\/es\/wp-json\/wp\/v2\/tags?post=14491"},{"taxonomy":"product_brand","embeddable":true,"href":"https:\/\/peekandpack.com\/es\/wp-json\/wp\/v2\/product_brand?post=14491"},{"taxonomy":"product_cat","embeddable":true,"href":"https:\/\/peekandpack.com\/es\/wp-json\/wp\/v2\/product_cat?post=14491"}],"curies":[{"name":"wp","href":"https:\/\/api.w.org\/{rel}","templated":true}]}}