{"id":14478,"date":"2023-04-17T15:45:30","date_gmt":"2023-04-17T15:55:28","guid":{"rendered":"https:\/\/peekandpack.com\/?post_type=product&#038;p=14478"},"modified":"2023-04-17T15:58:27","modified_gmt":"2023-04-17T15:58:27","slug":"tumbona-rayas-de-teka-hkliving","status":"publish","type":"product","link":"https:\/\/peekandpack.com\/es\/producto\/tumbona-rayas-de-teka-hkliving\/","title":{"rendered":"Tumbona  Rayas  de Teka HKliving"},"content":{"rendered":"<p>Dise\u00f1o de tumbona para exterior con un toque retro perfecta para integrarse\u00a0 en un paisaje natural o en entorno urbano. Dise\u00f1ado para ser utilizado durante un per\u00edodo de tiempo m\u00e1s largo y volverse con los a\u00f1os y el uso cada vez m\u00e1s bonita y especial.<\/p>\n<p>Material: Cubierta: 100% olefina, Relleno: D40, D30, Espuma Dacron, Estructura: madera de teca<br \/>\nDimensiones: 80&#215;193,5x67cm<br \/>\nAltura del asiento (cm): 38<br \/>\nProfundidad del asiento (cm): 174<br \/>\nAncho del asiento (cm): 80<br \/>\nAltura respaldo (cm): 29<\/p>\n<p>Fecha prevista de existencias: 28-04-2023<br \/>\nEntrega solo Madrid. Otras ciudades a cotizar<\/p>\n","protected":false},"excerpt":{"rendered":"<p>Tumbona rayas de Teka<\/p>\n","protected":false},"featured_media":14469,"comment_status":"closed","ping_status":"closed","template":"","meta":[],"tags":[],"product_brand":[],"product_cat":[27,55,17],"class_list":{"0":"post-14478","1":"product","2":"type-product","3":"status-publish","4":"has-post-thumbnail","6":"product_cat-plus250","7":"product_cat-mobiliario-infantil","8":"product_cat-currentmonth","9":"product_shipping_class-furniture-100-es","11":"first","12":"instock","13":"taxable","14":"shipping-taxable","15":"purchasable","16":"product-type-simple"},"_links":{"self":[{"href":"https:\/\/peekandpack.com\/es\/wp-json\/wp\/v2\/product\/14478","targetHints":{"allow":["GET"]}}],"collection":[{"href":"https:\/\/peekandpack.com\/es\/wp-json\/wp\/v2\/product"}],"about":[{"href":"https:\/\/peekandpack.com\/es\/wp-json\/wp\/v2\/types\/product"}],"replies":[{"embeddable":true,"href":"https:\/\/peekandpack.com\/es\/wp-json\/wp\/v2\/comments?post=14478"}],"wp:featuredmedia":[{"embeddable":true,"href":"https:\/\/peekandpack.com\/es\/wp-json\/wp\/v2\/media\/14469"}],"wp:attachment":[{"href":"https:\/\/peekandpack.com\/es\/wp-json\/wp\/v2\/media?parent=14478"}],"wp:term":[{"taxonomy":"post_tag","embeddable":true,"href":"https:\/\/peekandpack.com\/es\/wp-json\/wp\/v2\/tags?post=14478"},{"taxonomy":"product_brand","embeddable":true,"href":"https:\/\/peekandpack.com\/es\/wp-json\/wp\/v2\/product_brand?post=14478"},{"taxonomy":"product_cat","embeddable":true,"href":"https:\/\/peekandpack.com\/es\/wp-json\/wp\/v2\/product_cat?post=14478"}],"curies":[{"name":"wp","href":"https:\/\/api.w.org\/{rel}","templated":true}]}}