{"id":14423,"date":"2023-04-10T11:40:49","date_gmt":"2023-04-10T11:42:24","guid":{"rendered":"https:\/\/peekandpack.com\/?post_type=product&#038;p=14423"},"modified":"2023-04-10T11:43:22","modified_gmt":"2023-04-10T11:43:22","slug":"papel-pintado-francis-halle-de-bien-fait","status":"publish","type":"product","link":"https:\/\/peekandpack.com\/es\/producto\/papel-pintado-francis-halle-de-bien-fait\/","title":{"rendered":"Papel Pintado Francis Hall\u00e9 de Bien Fait"},"content":{"rendered":"<p>Fascinado por la belleza esencial y la alteridad de los \u00e1rboles, el eminente bot\u00e1nico franc\u00e9s Francis Hall\u00e9 ha dedicado toda su vida al estudio de estos seres vivos mientras aboga por su reconocimiento.<\/p>\n<p>A medio camino entre el arte y la ciencia, este perfil de bosque dibujado a mano, es el resultado del estudio de un bosque primario en la Guayana Francesa.<\/p>\n<p>Completamente \u00fanico en su tipo, invita a la conciencia a un gran viaje al coraz\u00f3n de un bosque amigable.<\/p>\n<p>Disponible en los siguientes formatos est\u00e1ndar:<br \/>\nPeque\u00f1o: Ancho 180 x Alto 280 cm \/ Ancho 70,8 x Alto 110,2 pulgadas (3 tiras)<br \/>\nAncho: W.360 x H.280 cm \/ W.141,7 x H 110,2 pulgadas (6 tiras)<\/p>\n<p>Colores: Clorofila, Original y Sepia.<\/p>\n<p>Hecho en Francia.<\/p>\n<p>Plazo de entrega: 3 \u00f3 4 semanas.<\/p>\n","protected":false},"excerpt":{"rendered":"<p>Papel Pintado Francis Hall\u00e9 de Bien Fait<\/p>\n","protected":false},"featured_media":14404,"comment_status":"closed","ping_status":"closed","template":"","meta":[],"tags":[],"product_brand":[],"product_cat":[49,27,96,18,17],"class_list":{"0":"post-14423","1":"product","2":"type-product","3":"status-publish","4":"has-post-thumbnail","6":"product_cat-decotextiles-es","7":"product_cat-plus250","8":"product_cat-papel-pintado","9":"product_cat-peek","10":"product_cat-currentmonth","11":"product_shipping_class-standard-shipping-es","13":"first","14":"instock","15":"taxable","16":"shipping-taxable","17":"purchasable","18":"product-type-variable"},"_links":{"self":[{"href":"https:\/\/peekandpack.com\/es\/wp-json\/wp\/v2\/product\/14423","targetHints":{"allow":["GET"]}}],"collection":[{"href":"https:\/\/peekandpack.com\/es\/wp-json\/wp\/v2\/product"}],"about":[{"href":"https:\/\/peekandpack.com\/es\/wp-json\/wp\/v2\/types\/product"}],"replies":[{"embeddable":true,"href":"https:\/\/peekandpack.com\/es\/wp-json\/wp\/v2\/comments?post=14423"}],"wp:featuredmedia":[{"embeddable":true,"href":"https:\/\/peekandpack.com\/es\/wp-json\/wp\/v2\/media\/14404"}],"wp:attachment":[{"href":"https:\/\/peekandpack.com\/es\/wp-json\/wp\/v2\/media?parent=14423"}],"wp:term":[{"taxonomy":"post_tag","embeddable":true,"href":"https:\/\/peekandpack.com\/es\/wp-json\/wp\/v2\/tags?post=14423"},{"taxonomy":"product_brand","embeddable":true,"href":"https:\/\/peekandpack.com\/es\/wp-json\/wp\/v2\/product_brand?post=14423"},{"taxonomy":"product_cat","embeddable":true,"href":"https:\/\/peekandpack.com\/es\/wp-json\/wp\/v2\/product_cat?post=14423"}],"curies":[{"name":"wp","href":"https:\/\/api.w.org\/{rel}","templated":true}]}}