{"id":14379,"date":"2023-04-10T10:57:15","date_gmt":"2023-04-10T11:02:25","guid":{"rendered":"https:\/\/peekandpack.com\/?post_type=product&#038;p=14379"},"modified":"2023-04-10T11:05:23","modified_gmt":"2023-04-10T11:05:23","slug":"papel-pintado-holiday-bien-fait","status":"publish","type":"product","link":"https:\/\/peekandpack.com\/es\/producto\/papel-pintado-holiday-bien-fait\/","title":{"rendered":"Papel Pintado Holiday Bien Fait"},"content":{"rendered":"<p>L\u00e1pices de colores o pinceles: los compa\u00f1eros de C\u00e9cile Figuette, fundadora de Bien Fait, le permiten madurar sus sue\u00f1os, a menudo inspirados en la Naturaleza, que plasma en papel desde su estudio rodeado por el bosque.<\/p>\n<p>El follaje Holiday es el resultado de estas exploraciones meditativas y conserva el efecto de la acuarela original.<\/p>\n<p>Disponible en cuatro colores que evocan encantadores destinos ex\u00f3ticos, Holiday deja florecer su alegr\u00eda vegetal en las paredes.<\/p>\n<p>Este papel pintado se propone en tama\u00f1o personalizado (precios a consultar) y est\u00e1ndar<br \/>\nMedidas:\u00a0 L.120 x H.280 cm (2 tiras de 60cm x H.280cm)<\/p>\n<p>Entregas en 3 \u00f3 4 semanas.<\/p>\n<p>Hecho en Francia.<\/p>\n","protected":false},"excerpt":{"rendered":"<p>Papel pintado a modo de acuarelas&#8230;<\/p>\n","protected":false},"featured_media":14362,"comment_status":"closed","ping_status":"closed","template":"","meta":[],"tags":[],"product_brand":[],"product_cat":[49,26,96,18,17],"class_list":{"0":"post-14379","1":"product","2":"type-product","3":"status-publish","4":"has-post-thumbnail","6":"product_cat-decotextiles-es","7":"product_cat-minus240","8":"product_cat-papel-pintado","9":"product_cat-peek","10":"product_cat-currentmonth","11":"product_shipping_class-standard-shipping-es","13":"first","14":"instock","15":"taxable","16":"shipping-taxable","17":"purchasable","18":"product-type-variable"},"_links":{"self":[{"href":"https:\/\/peekandpack.com\/es\/wp-json\/wp\/v2\/product\/14379","targetHints":{"allow":["GET"]}}],"collection":[{"href":"https:\/\/peekandpack.com\/es\/wp-json\/wp\/v2\/product"}],"about":[{"href":"https:\/\/peekandpack.com\/es\/wp-json\/wp\/v2\/types\/product"}],"replies":[{"embeddable":true,"href":"https:\/\/peekandpack.com\/es\/wp-json\/wp\/v2\/comments?post=14379"}],"wp:featuredmedia":[{"embeddable":true,"href":"https:\/\/peekandpack.com\/es\/wp-json\/wp\/v2\/media\/14362"}],"wp:attachment":[{"href":"https:\/\/peekandpack.com\/es\/wp-json\/wp\/v2\/media?parent=14379"}],"wp:term":[{"taxonomy":"post_tag","embeddable":true,"href":"https:\/\/peekandpack.com\/es\/wp-json\/wp\/v2\/tags?post=14379"},{"taxonomy":"product_brand","embeddable":true,"href":"https:\/\/peekandpack.com\/es\/wp-json\/wp\/v2\/product_brand?post=14379"},{"taxonomy":"product_cat","embeddable":true,"href":"https:\/\/peekandpack.com\/es\/wp-json\/wp\/v2\/product_cat?post=14379"}],"curies":[{"name":"wp","href":"https:\/\/api.w.org\/{rel}","templated":true}]}}