{"id":14340,"date":"2023-03-21T18:50:25","date_gmt":"2023-03-21T18:52:02","guid":{"rendered":"https:\/\/peekandpack.com\/?post_type=product&#038;p=14340"},"modified":"2023-03-21T18:52:19","modified_gmt":"2023-03-21T18:52:19","slug":"silla-infantil-sillita-kaarol","status":"publish","type":"product","link":"https:\/\/peekandpack.com\/es\/producto\/silla-infantil-sillita-kaarol\/","title":{"rendered":"Silla Infantil Sillita Kaarol"},"content":{"rendered":"<p>La SILLITA es nuestra primera pieza de mobiliario infantil realizada en colaboraci\u00f3n con el dise\u00f1ador barcelon\u00e9s Gonzalo Mil\u00e0.<\/p>\n<p>\u00a1Disfruta de muchas sillas en una! Elige entre 7 combinaciones con las que personalizarla. Las diferentes fundas son intercambiables, f\u00e1ciles de ajustar con un simple nudo y \u00a1lavables en casa!<\/p>\n<p>Elaborada en un proceso sostenible y hecha a mano por nuestros artesanos en algod\u00f3n natural y madera certificada FSC.<\/p>\n<p>\u00bfDise\u00f1o ABC o Kaarol? \u00bfBase natural o amarilla? \u00a1Encuentra tu combinaci\u00f3n perfecta!<\/p>\n<p><strong>COLORES:\u00a0<\/strong>Silla: Natural. Canvas: Natural, Pink, Yellow, Green, Turquoise, Red, Terracotta, Aubergine, Purple<br \/>\n<strong>COMPOSICI\u00d3N:\u00a0<\/strong>Madera:<\/p>\n<p>Medidas: W.31,6 cm &#8211; L.39,7 cm &#8211; H.52,5 cm &#8211; Seat height.29 cm<\/p>\n","protected":false},"excerpt":{"rendered":"<p>Sillita Kaarol LC<\/p>\n","protected":false},"featured_media":14335,"comment_status":"closed","ping_status":"closed","template":"","meta":[],"tags":[],"product_brand":[],"product_cat":[51,26,55,18,17],"class_list":{"0":"post-14340","1":"product","2":"type-product","3":"status-publish","4":"has-post-thumbnail","6":"product_cat-juguetes-originales","7":"product_cat-minus240","8":"product_cat-mobiliario-infantil","9":"product_cat-peek","10":"product_cat-currentmonth","11":"product_shipping_class-standard-shipping-es","13":"first","14":"instock","15":"taxable","16":"shipping-taxable","17":"purchasable","18":"product-type-simple"},"_links":{"self":[{"href":"https:\/\/peekandpack.com\/es\/wp-json\/wp\/v2\/product\/14340","targetHints":{"allow":["GET"]}}],"collection":[{"href":"https:\/\/peekandpack.com\/es\/wp-json\/wp\/v2\/product"}],"about":[{"href":"https:\/\/peekandpack.com\/es\/wp-json\/wp\/v2\/types\/product"}],"replies":[{"embeddable":true,"href":"https:\/\/peekandpack.com\/es\/wp-json\/wp\/v2\/comments?post=14340"}],"wp:featuredmedia":[{"embeddable":true,"href":"https:\/\/peekandpack.com\/es\/wp-json\/wp\/v2\/media\/14335"}],"wp:attachment":[{"href":"https:\/\/peekandpack.com\/es\/wp-json\/wp\/v2\/media?parent=14340"}],"wp:term":[{"taxonomy":"post_tag","embeddable":true,"href":"https:\/\/peekandpack.com\/es\/wp-json\/wp\/v2\/tags?post=14340"},{"taxonomy":"product_brand","embeddable":true,"href":"https:\/\/peekandpack.com\/es\/wp-json\/wp\/v2\/product_brand?post=14340"},{"taxonomy":"product_cat","embeddable":true,"href":"https:\/\/peekandpack.com\/es\/wp-json\/wp\/v2\/product_cat?post=14340"}],"curies":[{"name":"wp","href":"https:\/\/api.w.org\/{rel}","templated":true}]}}