{"id":14332,"date":"2023-03-21T18:41:24","date_gmt":"2023-03-21T18:43:15","guid":{"rendered":"https:\/\/peekandpack.com\/?post_type=product&#038;p=14332"},"modified":"2023-03-21T18:43:34","modified_gmt":"2023-03-21T18:43:34","slug":"cojin-ball-lc","status":"publish","type":"product","link":"https:\/\/peekandpack.com\/es\/producto\/cojin-ball-lc\/","title":{"rendered":"Coj\u00edn Ball LC"},"content":{"rendered":"<p>Que no se puede jugar a la pelota en casa&#8230;? Quiz\u00e1 con este coj\u00edn-pelota \u00a1podemos hacer una excepci\u00f3n! Puede servir para jugar o para decorar la habitaci\u00f3n infantil. Un juguete esencial para un beb\u00e9, que disfrutar\u00e1 por su suave textura de peluche y colores contrastados para estimular la visi\u00f3n y, a su vez, un toque decorativo para la cuna. Y cuando ya d\u00e9 sus primeros pasos podr\u00e1 perseguir la pelota por toda la casa y despu\u00e9s devolverla a su sitio, ya sea sobre la estanter\u00eda o la cama. En definitiva, una bonita y sencilla pelota de peluche que pasa de juguete vers\u00e1til a accesorio decorativo, \u00a1en un plis plas!<\/p>\n<p><strong>COLORES:\u00a0<\/strong>Vintage Nude, Vintage Blue, Natural, Honey, Olive, Toffee<br \/>\n<strong>COMPOSICI\u00d3N:\u00a0<\/strong>97% algod\u00f3n, 3% otras fibras. Relleno: 100% poliestireno<\/p>\n<p>Medida: 30x30cm<\/p>\n","protected":false},"excerpt":{"rendered":"<p>Coj\u00edn Ball LC<\/p>\n","protected":false},"featured_media":14325,"comment_status":"closed","ping_status":"closed","template":"","meta":[],"tags":[],"product_brand":[],"product_cat":[49,51,25,18,17],"class_list":{"0":"post-14332","1":"product","2":"type-product","3":"status-publish","4":"has-post-thumbnail","6":"product_cat-decotextiles-es","7":"product_cat-juguetes-originales","8":"product_cat-minus90","9":"product_cat-peek","10":"product_cat-currentmonth","12":"first","13":"instock","14":"taxable","15":"shipping-taxable","16":"purchasable","17":"product-type-simple"},"_links":{"self":[{"href":"https:\/\/peekandpack.com\/es\/wp-json\/wp\/v2\/product\/14332","targetHints":{"allow":["GET"]}}],"collection":[{"href":"https:\/\/peekandpack.com\/es\/wp-json\/wp\/v2\/product"}],"about":[{"href":"https:\/\/peekandpack.com\/es\/wp-json\/wp\/v2\/types\/product"}],"replies":[{"embeddable":true,"href":"https:\/\/peekandpack.com\/es\/wp-json\/wp\/v2\/comments?post=14332"}],"wp:featuredmedia":[{"embeddable":true,"href":"https:\/\/peekandpack.com\/es\/wp-json\/wp\/v2\/media\/14325"}],"wp:attachment":[{"href":"https:\/\/peekandpack.com\/es\/wp-json\/wp\/v2\/media?parent=14332"}],"wp:term":[{"taxonomy":"post_tag","embeddable":true,"href":"https:\/\/peekandpack.com\/es\/wp-json\/wp\/v2\/tags?post=14332"},{"taxonomy":"product_brand","embeddable":true,"href":"https:\/\/peekandpack.com\/es\/wp-json\/wp\/v2\/product_brand?post=14332"},{"taxonomy":"product_cat","embeddable":true,"href":"https:\/\/peekandpack.com\/es\/wp-json\/wp\/v2\/product_cat?post=14332"}],"curies":[{"name":"wp","href":"https:\/\/api.w.org\/{rel}","templated":true}]}}