{"id":14322,"date":"2023-03-21T18:33:03","date_gmt":"2023-03-21T18:35:08","guid":{"rendered":"https:\/\/peekandpack.com\/?post_type=product&#038;p=14322"},"modified":"2023-03-21T18:35:26","modified_gmt":"2023-03-21T18:35:26","slug":"puff-ball-lorena-canals","status":"publish","type":"product","link":"https:\/\/peekandpack.com\/es\/producto\/puff-ball-lorena-canals\/","title":{"rendered":"Puff Ball Lorena Canals"},"content":{"rendered":"<p>Hora de relajarse! Como un recorte de la alfombra hom\u00f3nima convertida en coj\u00edn. Insp\u00edrate en los n\u00f3madas y ponte c\u00f3modo en casa creando rincones acogedores con cojines por todas partes.<\/p>\n<p><strong>COLORES:\u00a0<\/strong>Natural, Vintage Blue, Honey, Toffee<br \/>\n<strong>COMPOSICI\u00d3N:\u00a0<\/strong>Funda: 97% algod\u00f3n, 3% otras fibras. Relleno: 10% fibras de botellas PET recicladas, 90% perlas de poliestireno<\/p>\n<p>Medida: 45x50cm<\/p>\n","protected":false},"excerpt":{"rendered":"<p>Puff Ball LC<\/p>\n","protected":false},"featured_media":14315,"comment_status":"closed","ping_status":"closed","template":"","meta":[],"tags":[],"product_brand":[],"product_cat":[49,51,26,18,17],"class_list":{"0":"post-14322","1":"product","2":"type-product","3":"status-publish","4":"has-post-thumbnail","6":"product_cat-decotextiles-es","7":"product_cat-juguetes-originales","8":"product_cat-minus240","9":"product_cat-peek","10":"product_cat-currentmonth","11":"product_shipping_class-standard-shipping-es","13":"first","14":"instock","15":"taxable","16":"shipping-taxable","17":"purchasable","18":"product-type-simple"},"_links":{"self":[{"href":"https:\/\/peekandpack.com\/es\/wp-json\/wp\/v2\/product\/14322","targetHints":{"allow":["GET"]}}],"collection":[{"href":"https:\/\/peekandpack.com\/es\/wp-json\/wp\/v2\/product"}],"about":[{"href":"https:\/\/peekandpack.com\/es\/wp-json\/wp\/v2\/types\/product"}],"replies":[{"embeddable":true,"href":"https:\/\/peekandpack.com\/es\/wp-json\/wp\/v2\/comments?post=14322"}],"wp:featuredmedia":[{"embeddable":true,"href":"https:\/\/peekandpack.com\/es\/wp-json\/wp\/v2\/media\/14315"}],"wp:attachment":[{"href":"https:\/\/peekandpack.com\/es\/wp-json\/wp\/v2\/media?parent=14322"}],"wp:term":[{"taxonomy":"post_tag","embeddable":true,"href":"https:\/\/peekandpack.com\/es\/wp-json\/wp\/v2\/tags?post=14322"},{"taxonomy":"product_brand","embeddable":true,"href":"https:\/\/peekandpack.com\/es\/wp-json\/wp\/v2\/product_brand?post=14322"},{"taxonomy":"product_cat","embeddable":true,"href":"https:\/\/peekandpack.com\/es\/wp-json\/wp\/v2\/product_cat?post=14322"}],"curies":[{"name":"wp","href":"https:\/\/api.w.org\/{rel}","templated":true}]}}