{"id":14312,"date":"2023-03-21T18:20:58","date_gmt":"2023-03-21T18:23:41","guid":{"rendered":"https:\/\/peekandpack.com\/?post_type=product&#038;p=14312"},"modified":"2023-03-21T18:23:59","modified_gmt":"2023-03-21T18:23:59","slug":"alfombra-damero-tofe-de-lc","status":"publish","type":"product","link":"https:\/\/peekandpack.com\/es\/producto\/alfombra-damero-tofe-de-lc\/","title":{"rendered":"Alfombra Damero Tofe de LC"},"content":{"rendered":"<p>Una alfombra que parece hecha de azulejos! Este dise\u00f1o se inspira en el tradicional estampado damero de los baldosines de cocina. Sus cuadros en tonalidades contrastadas de caf\u00e9 con leche a\u00f1aden un toque atrevido y elegante a la decoraci\u00f3n de cualquier espacio. Las juntas se perfilan al dejar entrever el lienzo de algod\u00f3n de la base, confeccionado con una mezclilla de nuestras bases RugCycled\u00ae y algod\u00f3n reciclado al natural, sin te\u00f1ir. Los azulejos nunca tuvieron una pisada tan esponjosa!<\/p>\n<p><strong>COLORES:\u00a0<\/strong>Natural &#8211; Toffee<b><br \/>\nCOMPOSICI\u00d3N<\/b>: 97% algod\u00f3n, 3% otra fibra. Base: Fibras textiles RugCycled, en su mayor\u00eda algod\u00f3n<\/p>\n<p>Medida: 120x160cm<\/p>\n","protected":false},"excerpt":{"rendered":"<p>Alfombra lavable Damero<\/p>\n","protected":false},"featured_media":14309,"comment_status":"closed","ping_status":"closed","template":"","meta":[],"tags":[],"product_brand":[],"product_cat":[49,26,18,17],"class_list":{"0":"post-14312","1":"product","2":"type-product","3":"status-publish","4":"has-post-thumbnail","6":"product_cat-decotextiles-es","7":"product_cat-minus240","8":"product_cat-peek","9":"product_cat-currentmonth","10":"product_shipping_class-standard-shipping-es","12":"first","13":"instock","14":"taxable","15":"shipping-taxable","16":"purchasable","17":"product-type-simple"},"_links":{"self":[{"href":"https:\/\/peekandpack.com\/es\/wp-json\/wp\/v2\/product\/14312","targetHints":{"allow":["GET"]}}],"collection":[{"href":"https:\/\/peekandpack.com\/es\/wp-json\/wp\/v2\/product"}],"about":[{"href":"https:\/\/peekandpack.com\/es\/wp-json\/wp\/v2\/types\/product"}],"replies":[{"embeddable":true,"href":"https:\/\/peekandpack.com\/es\/wp-json\/wp\/v2\/comments?post=14312"}],"wp:featuredmedia":[{"embeddable":true,"href":"https:\/\/peekandpack.com\/es\/wp-json\/wp\/v2\/media\/14309"}],"wp:attachment":[{"href":"https:\/\/peekandpack.com\/es\/wp-json\/wp\/v2\/media?parent=14312"}],"wp:term":[{"taxonomy":"post_tag","embeddable":true,"href":"https:\/\/peekandpack.com\/es\/wp-json\/wp\/v2\/tags?post=14312"},{"taxonomy":"product_brand","embeddable":true,"href":"https:\/\/peekandpack.com\/es\/wp-json\/wp\/v2\/product_brand?post=14312"},{"taxonomy":"product_cat","embeddable":true,"href":"https:\/\/peekandpack.com\/es\/wp-json\/wp\/v2\/product_cat?post=14312"}],"curies":[{"name":"wp","href":"https:\/\/api.w.org\/{rel}","templated":true}]}}