{"id":14290,"date":"2023-03-21T17:25:04","date_gmt":"2023-03-21T17:30:47","guid":{"rendered":"https:\/\/peekandpack.com\/?post_type=product&#038;p=14290"},"modified":"2023-03-21T17:31:21","modified_gmt":"2023-03-21T17:31:21","slug":"alfombra-lavable-batboy-edgar-plans-x-lorena-canals","status":"publish","type":"product","link":"https:\/\/peekandpack.com\/es\/producto\/alfombra-lavable-batboy-edgar-plans-x-lorena-canals\/","title":{"rendered":"Alfombra Lavable BatBoy Edgar Plans x Lorena Canals"},"content":{"rendered":"<p>Lucha por nuestro planeta! BatBoy llega a la ciudad para inspirarnos a salvar la Tierra, escondido en un halo de misterio tras su m\u00e1scara negra. A qui\u00e9n no le gustar\u00eda esconderse tras una m\u00e1scara para convertirse en superh\u00e9roe de vez en cuando? Esta alfombra lavable de lana es perfecto para crear interiores infantiles con tem\u00e1tica de superh\u00e9roes con un toque art\u00edstico. Comb\u00ednala con el coj\u00edn Batboy a juego para conseguir la combinaci\u00f3n perfecta.<\/p>\n<p>Cada alfombra Woolable viene con una bolsa de algod\u00f3n para almacenaje, junto con una base antideslizante de regalo.<\/p>\n<p><strong>COLORES:\u00a0<\/strong>Charcoal, Misty Rose, Natural<b><br \/>\nCOMPOSICI\u00d3N<\/b>: 100% Lana. Base: Algod\u00f3n Reciclado<\/p>\n<p>Medida: 120x90cm<\/p>\n","protected":false},"excerpt":{"rendered":"<p>Edgar Plans x Lorena Canals<\/p>\n","protected":false},"featured_media":14283,"comment_status":"closed","ping_status":"closed","template":"","meta":[],"tags":[],"product_brand":[],"product_cat":[49,26,18,17],"class_list":{"0":"post-14290","1":"product","2":"type-product","3":"status-publish","4":"has-post-thumbnail","6":"product_cat-decotextiles-es","7":"product_cat-minus240","8":"product_cat-peek","9":"product_cat-currentmonth","10":"product_shipping_class-standard-shipping-es","12":"first","13":"instock","14":"taxable","15":"shipping-taxable","16":"purchasable","17":"product-type-simple"},"_links":{"self":[{"href":"https:\/\/peekandpack.com\/es\/wp-json\/wp\/v2\/product\/14290","targetHints":{"allow":["GET"]}}],"collection":[{"href":"https:\/\/peekandpack.com\/es\/wp-json\/wp\/v2\/product"}],"about":[{"href":"https:\/\/peekandpack.com\/es\/wp-json\/wp\/v2\/types\/product"}],"replies":[{"embeddable":true,"href":"https:\/\/peekandpack.com\/es\/wp-json\/wp\/v2\/comments?post=14290"}],"wp:featuredmedia":[{"embeddable":true,"href":"https:\/\/peekandpack.com\/es\/wp-json\/wp\/v2\/media\/14283"}],"wp:attachment":[{"href":"https:\/\/peekandpack.com\/es\/wp-json\/wp\/v2\/media?parent=14290"}],"wp:term":[{"taxonomy":"post_tag","embeddable":true,"href":"https:\/\/peekandpack.com\/es\/wp-json\/wp\/v2\/tags?post=14290"},{"taxonomy":"product_brand","embeddable":true,"href":"https:\/\/peekandpack.com\/es\/wp-json\/wp\/v2\/product_brand?post=14290"},{"taxonomy":"product_cat","embeddable":true,"href":"https:\/\/peekandpack.com\/es\/wp-json\/wp\/v2\/product_cat?post=14290"}],"curies":[{"name":"wp","href":"https:\/\/api.w.org\/{rel}","templated":true}]}}