{"id":14258,"date":"2023-03-06T11:21:07","date_gmt":"2023-03-06T11:23:35","guid":{"rendered":"https:\/\/peekandpack.com\/?post_type=product&#038;p=14258"},"modified":"2023-03-06T11:25:41","modified_gmt":"2023-03-06T11:25:41","slug":"papel-pintado-duncan-bien-fait","status":"publish","type":"product","link":"https:\/\/peekandpack.com\/es\/producto\/papel-pintado-duncan-bien-fait\/","title":{"rendered":"PAPEL PINTADO DUNCAN BIEN FAIT"},"content":{"rendered":"<p>Un tributo al burbujeo creativo del movimiento Bloomsbury, este motivo lleva el primer nombre de Duncan Grant, pintor que encarna el lado de las \u00abartes visuales\u00bb de este colectivo. Una reinterpretaci\u00f3n de los fundamentos creados a cuatro manos, para formar parte de una modernidad rica y desinhibida.<\/p>\n<p>Este papel pintado est\u00e1 disponible en tama\u00f1o personalizado y en formato est\u00e1ndar (el patr\u00f3n se repite cada 120 cm) &#8211; XS: W.120 x H.280 cm (2 tiras de 60 cm x H.280 cm)<\/p>\n<p>HECHO EN FRANCIA<\/p>\n<p>Entrega: 3 o 4 semanas<\/p>\n","protected":false},"excerpt":{"rendered":"<p>Un tributo a la creatividad<\/p>\n","protected":false},"featured_media":14251,"comment_status":"closed","ping_status":"closed","template":"","meta":[],"tags":[],"product_brand":[],"product_cat":[49,26,96,18,17],"class_list":{"0":"post-14258","1":"product","2":"type-product","3":"status-publish","4":"has-post-thumbnail","6":"product_cat-decotextiles-es","7":"product_cat-minus240","8":"product_cat-papel-pintado","9":"product_cat-peek","10":"product_cat-currentmonth","11":"product_shipping_class-standard-shipping-es","13":"first","14":"instock","15":"taxable","16":"shipping-taxable","17":"purchasable","18":"product-type-variable"},"_links":{"self":[{"href":"https:\/\/peekandpack.com\/es\/wp-json\/wp\/v2\/product\/14258","targetHints":{"allow":["GET"]}}],"collection":[{"href":"https:\/\/peekandpack.com\/es\/wp-json\/wp\/v2\/product"}],"about":[{"href":"https:\/\/peekandpack.com\/es\/wp-json\/wp\/v2\/types\/product"}],"replies":[{"embeddable":true,"href":"https:\/\/peekandpack.com\/es\/wp-json\/wp\/v2\/comments?post=14258"}],"wp:featuredmedia":[{"embeddable":true,"href":"https:\/\/peekandpack.com\/es\/wp-json\/wp\/v2\/media\/14251"}],"wp:attachment":[{"href":"https:\/\/peekandpack.com\/es\/wp-json\/wp\/v2\/media?parent=14258"}],"wp:term":[{"taxonomy":"post_tag","embeddable":true,"href":"https:\/\/peekandpack.com\/es\/wp-json\/wp\/v2\/tags?post=14258"},{"taxonomy":"product_brand","embeddable":true,"href":"https:\/\/peekandpack.com\/es\/wp-json\/wp\/v2\/product_brand?post=14258"},{"taxonomy":"product_cat","embeddable":true,"href":"https:\/\/peekandpack.com\/es\/wp-json\/wp\/v2\/product_cat?post=14258"}],"curies":[{"name":"wp","href":"https:\/\/api.w.org\/{rel}","templated":true}]}}