{"id":14208,"date":"2023-02-14T11:57:04","date_gmt":"2023-02-14T12:01:10","guid":{"rendered":"https:\/\/peekandpack.com\/?post_type=product&#038;p=14208"},"modified":"2023-02-14T12:02:43","modified_gmt":"2023-02-14T12:02:43","slug":"trona-robot-de-nofred","status":"publish","type":"product","link":"https:\/\/peekandpack.com\/es\/producto\/trona-robot-de-nofred\/","title":{"rendered":"Trona Robot de NOFRED"},"content":{"rendered":"<p>Una trona de madera flexible y duradera, dise\u00f1o de NOFRED<br \/>\nLa trona\u00a0 Robot es un dise\u00f1o de madera cl\u00e1sico, seguro y est\u00e9tico inspirado en los peque\u00f1os robots que todos conocemos y amamos.<\/p>\n<p>La trona se coloca c\u00f3modamente en la mesa del comedor, para la cercan\u00eda y la interacci\u00f3n con el resto de la familia, durante la comida o para jugar.<\/p>\n<p>Dise\u00f1ada para encajar en la decoraci\u00f3n de toda la casa y es una pieza de larga duraci\u00f3n para usarla de generaci\u00f3n en generaci\u00f3n.<\/p>\n<p>Trona de madera flexible y resistente<\/p>\n<p>La silla de tu beb\u00e9 desde los 6 meses hasta los 3 a\u00f1os<br \/>\nRespaldo y reposapi\u00e9s ajustables para una posici\u00f3n de asiento c\u00f3moda y ergon\u00f3mica a cualquier edad<br \/>\nDise\u00f1ado para adaptarse est\u00e9ticamente a cualquier habitaci\u00f3n y estilo de toda la casa.<br \/>\nEstable y duradero &#8211; y apilable<br \/>\nBarra frontal extra\u00edble y correa de cuero marr\u00f3n central.<\/p>\n<p>EDAD: Desde sentado hasta &#8211; 15 kg<\/p>\n<p>MEDIDAS: Ancho: 50 cm x Fondo: 57 cm x Alto: 80 cm (Altura del asiento: 55 cm y altura del reposabrazos: 70 cm)<\/p>\n<p>PESO 5,3 kg<\/p>\n<p>MATERIAL Madera de haya con laca no t\u00f3xica, correa de piel<\/p>\n<p>CUIDADO Limpiar con un pa\u00f1o limpio y h\u00famedo. Use un jab\u00f3n suave en las marcas rebeldes. Evita frotar y productos que contengan amon\u00edaco.<\/p>\n<p>SEGURIDAD Este producto ha sido probado en el Instituto Tecnol\u00f3gico Dan\u00e9s y cumple con todas las normas de seguridad europeas<\/p>\n<p>Normas Europeas EN 14988:2017+A1:2020<\/p>\n","protected":false},"excerpt":{"rendered":"<p>Trona NOFRED<\/p>\n","protected":false},"featured_media":14199,"comment_status":"closed","ping_status":"closed","template":"","meta":[],"tags":[],"product_brand":[],"product_cat":[27,55,18,17],"class_list":{"0":"post-14208","1":"product","2":"type-product","3":"status-publish","4":"has-post-thumbnail","6":"product_cat-plus250","7":"product_cat-mobiliario-infantil","8":"product_cat-peek","9":"product_cat-currentmonth","10":"product_shipping_class-standard-shipping-es","12":"first","13":"instock","14":"taxable","15":"shipping-taxable","16":"purchasable","17":"product-type-variable"},"_links":{"self":[{"href":"https:\/\/peekandpack.com\/es\/wp-json\/wp\/v2\/product\/14208","targetHints":{"allow":["GET"]}}],"collection":[{"href":"https:\/\/peekandpack.com\/es\/wp-json\/wp\/v2\/product"}],"about":[{"href":"https:\/\/peekandpack.com\/es\/wp-json\/wp\/v2\/types\/product"}],"replies":[{"embeddable":true,"href":"https:\/\/peekandpack.com\/es\/wp-json\/wp\/v2\/comments?post=14208"}],"wp:featuredmedia":[{"embeddable":true,"href":"https:\/\/peekandpack.com\/es\/wp-json\/wp\/v2\/media\/14199"}],"wp:attachment":[{"href":"https:\/\/peekandpack.com\/es\/wp-json\/wp\/v2\/media?parent=14208"}],"wp:term":[{"taxonomy":"post_tag","embeddable":true,"href":"https:\/\/peekandpack.com\/es\/wp-json\/wp\/v2\/tags?post=14208"},{"taxonomy":"product_brand","embeddable":true,"href":"https:\/\/peekandpack.com\/es\/wp-json\/wp\/v2\/product_brand?post=14208"},{"taxonomy":"product_cat","embeddable":true,"href":"https:\/\/peekandpack.com\/es\/wp-json\/wp\/v2\/product_cat?post=14208"}],"curies":[{"name":"wp","href":"https:\/\/api.w.org\/{rel}","templated":true}]}}