{"id":14157,"date":"2023-02-06T17:03:22","date_gmt":"2023-02-06T17:31:39","guid":{"rendered":"https:\/\/peekandpack.com\/?post_type=product&#038;p=14157"},"modified":"2023-02-06T17:35:26","modified_gmt":"2023-02-06T17:35:26","slug":"asiento-bola-kola","status":"publish","type":"product","link":"https:\/\/peekandpack.com\/es\/producto\/asiento-bola-kola\/","title":{"rendered":"Asiento bola Kola"},"content":{"rendered":"<p>KOLA es un asiento multifuncional, creado a partir de la necesidad diaria de actividad f\u00edsica. El atractivo de nuestra extraordinaria pelota suiza no solo se basa en un dise\u00f1o escandinavo minimalista, sino principalmente en una pieza multifuncional. Juntos convierten un coj\u00edn de asiento est\u00e9tico en un concepto de asiento coherente.<\/p>\n<p>Extraordinaria durabilidad de la funda gracias al uso de tejido de tapicer\u00eda con costura de doble corte, bola interior antifisuras de PVC resistente al desgarro, libre de ftalatos.<br \/>\nuso de textiles con Certificado Est\u00e1ndar Oeko-Tex\u00ae<\/p>\n<p>Instrucciones de cuidado:<\/p>\n<p>limpiar con un pa\u00f1o h\u00famedo<br \/>\nNo usa blanqueador<br \/>\nm\u00e1quina hasta 30C<\/p>\n<p>TAMA\u00d1O: (Di\u00e1metro 65 cm)<\/p>\n<p>Entrega: 4-5 semanas<\/p>\n","protected":false},"excerpt":{"rendered":"<p>Puf Bola Kola<\/p>\n","protected":false},"featured_media":14155,"comment_status":"closed","ping_status":"closed","template":"","meta":[],"tags":[],"product_brand":[],"product_cat":[51,27,55,18,17],"class_list":{"0":"post-14157","1":"product","2":"type-product","3":"status-publish","4":"has-post-thumbnail","6":"product_cat-juguetes-originales","7":"product_cat-plus250","8":"product_cat-mobiliario-infantil","9":"product_cat-peek","10":"product_cat-currentmonth","11":"product_shipping_class-standard-shipping-es","13":"first","14":"instock","15":"taxable","16":"shipping-taxable","17":"purchasable","18":"product-type-simple"},"_links":{"self":[{"href":"https:\/\/peekandpack.com\/es\/wp-json\/wp\/v2\/product\/14157","targetHints":{"allow":["GET"]}}],"collection":[{"href":"https:\/\/peekandpack.com\/es\/wp-json\/wp\/v2\/product"}],"about":[{"href":"https:\/\/peekandpack.com\/es\/wp-json\/wp\/v2\/types\/product"}],"replies":[{"embeddable":true,"href":"https:\/\/peekandpack.com\/es\/wp-json\/wp\/v2\/comments?post=14157"}],"wp:featuredmedia":[{"embeddable":true,"href":"https:\/\/peekandpack.com\/es\/wp-json\/wp\/v2\/media\/14155"}],"wp:attachment":[{"href":"https:\/\/peekandpack.com\/es\/wp-json\/wp\/v2\/media?parent=14157"}],"wp:term":[{"taxonomy":"post_tag","embeddable":true,"href":"https:\/\/peekandpack.com\/es\/wp-json\/wp\/v2\/tags?post=14157"},{"taxonomy":"product_brand","embeddable":true,"href":"https:\/\/peekandpack.com\/es\/wp-json\/wp\/v2\/product_brand?post=14157"},{"taxonomy":"product_cat","embeddable":true,"href":"https:\/\/peekandpack.com\/es\/wp-json\/wp\/v2\/product_cat?post=14157"}],"curies":[{"name":"wp","href":"https:\/\/api.w.org\/{rel}","templated":true}]}}