{"id":13520,"date":"2022-08-18T09:55:25","date_gmt":"2022-08-18T10:01:18","guid":{"rendered":"https:\/\/peekandpack.com\/?post_type=product&#038;p=13520"},"modified":"2023-06-08T09:40:58","modified_gmt":"2023-06-08T09:40:58","slug":"papel-pintado-noemie-de-mues-design","status":"publish","type":"product","link":"https:\/\/peekandpack.com\/es\/producto\/papel-pintado-noemie-de-mues-design\/","title":{"rendered":"Papel Pintado Noemie de Mues Design"},"content":{"rendered":"<p>Papel pintado modelo NOEMIE de Mues Design. Aqu\u00ed\u00a0 los universos pasan a ser surrealistas y enigm\u00e1ticos, a medio camino entre el sue\u00f1o y la realidad, los intermedios donde todo es posible. .<\/p>\n<p>Previamente pintado a mano, este damero de gran formato permite crear atm\u00f3sferas con car\u00e1cter, muy gr\u00e1ficas y estructuradas. Disponible en 20 colores, cada uno m\u00e1s especial, esta decoraci\u00f3n se inspir\u00f3 en la est\u00e9tica de Wes Anderson, David Lynch, Pedro Almodovar\u2026 por sus incre\u00edbles paletas y sorprendentes atm\u00f3sferas.<\/p>\n<p>Caracter\u00edsticas<br \/>\nPapel pintado lavable no tejido 147g \/ m2<br \/>\nF\u00e1cil y r\u00e1pido de instalar y quitar, consulte nuestra gu\u00eda de instalaci\u00f3n.<br \/>\nMateriales que respetan los est\u00e1ndares ambientales y de salud<br \/>\nTintas sin disolventes aptas para ni\u00f1os y lugares p\u00fablicos<br \/>\nFabricado en Francia<\/p>\n<p>Tama\u00f1o: 1 panel 60 \u00d7 280 (cada cuadrado mide aprox. 5x5cm)<\/p>\n<p>Entrega: 3 semanas<\/p>\n","protected":false},"excerpt":{"rendered":"<p>Papel Pintado cuadros Noemie<\/p>\n","protected":false},"featured_media":13515,"comment_status":"closed","ping_status":"closed","template":"","meta":[],"tags":[],"product_brand":[],"product_cat":[49,25,96,18,17],"class_list":{"0":"post-13520","1":"product","2":"type-product","3":"status-publish","4":"has-post-thumbnail","6":"product_cat-decotextiles-es","7":"product_cat-minus90","8":"product_cat-papel-pintado","9":"product_cat-peek","10":"product_cat-currentmonth","11":"product_shipping_class-standard-shipping-es","13":"first","14":"instock","15":"taxable","16":"shipping-taxable","17":"purchasable","18":"product-type-variable"},"_links":{"self":[{"href":"https:\/\/peekandpack.com\/es\/wp-json\/wp\/v2\/product\/13520","targetHints":{"allow":["GET"]}}],"collection":[{"href":"https:\/\/peekandpack.com\/es\/wp-json\/wp\/v2\/product"}],"about":[{"href":"https:\/\/peekandpack.com\/es\/wp-json\/wp\/v2\/types\/product"}],"replies":[{"embeddable":true,"href":"https:\/\/peekandpack.com\/es\/wp-json\/wp\/v2\/comments?post=13520"}],"wp:featuredmedia":[{"embeddable":true,"href":"https:\/\/peekandpack.com\/es\/wp-json\/wp\/v2\/media\/13515"}],"wp:attachment":[{"href":"https:\/\/peekandpack.com\/es\/wp-json\/wp\/v2\/media?parent=13520"}],"wp:term":[{"taxonomy":"post_tag","embeddable":true,"href":"https:\/\/peekandpack.com\/es\/wp-json\/wp\/v2\/tags?post=13520"},{"taxonomy":"product_brand","embeddable":true,"href":"https:\/\/peekandpack.com\/es\/wp-json\/wp\/v2\/product_brand?post=13520"},{"taxonomy":"product_cat","embeddable":true,"href":"https:\/\/peekandpack.com\/es\/wp-json\/wp\/v2\/product_cat?post=13520"}],"curies":[{"name":"wp","href":"https:\/\/api.w.org\/{rel}","templated":true}]}}