{"id":13212,"date":"2022-08-10T17:18:04","date_gmt":"2022-08-10T17:19:31","guid":{"rendered":"https:\/\/peekandpack.com\/?post_type=product&#038;p=13212"},"modified":"2022-08-10T17:21:43","modified_gmt":"2022-08-10T17:21:43","slug":"cuna-evolutiva-sebra-beige-2","status":"publish","type":"product","link":"https:\/\/peekandpack.com\/es\/producto\/cuna-evolutiva-sebra-beige-2\/","title":{"rendered":"CUNA EVOLUTIVA SEBRA Beige"},"content":{"rendered":"<p>Cuna evolutiva de Sebra. La cama que crece con tu hijo\u2026<\/p>\n<p>Podr\u00e1s usar este mueble desde el nacimiento del beb\u00e9, hasta los 6 a\u00f1os, aproximadamente.<\/p>\n<p>La cama est\u00e1 equipada con una base ajustable en altura y diversas opciones que hacen posible cada uso.<\/p>\n<p>Color: beige<\/p>\n<p>Medidas: Cuna L112,5cm x A70cm x 88cm altura \/ Cama: A70cm x L150 cm<br \/>\nDetalles: Colch\u00f3n no incluido. Colch\u00f3n adaptado a las dimensiones \u00a0de este mueble tambi\u00e9n disponible en Peek &amp; Pack<\/p>\n<p>Env\u00edos solo Espa\u00f1a (Pen\u00ednsula y Baleares) y Portugal (3 &#8211; 4 semanas)<\/p>\n","protected":false},"excerpt":{"rendered":"<p>Cuna evolutiva beige de SEBRA<\/p>\n","protected":false},"featured_media":13209,"comment_status":"closed","ping_status":"closed","template":"","meta":[],"tags":[],"product_brand":[],"product_cat":[27,55,18,17],"class_list":{"0":"post-13212","1":"product","2":"type-product","3":"status-publish","4":"has-post-thumbnail","6":"product_cat-plus250","7":"product_cat-mobiliario-infantil","8":"product_cat-peek","9":"product_cat-currentmonth","10":"product_shipping_class-furniture-65-es","12":"first","13":"instock","14":"taxable","15":"shipping-taxable","16":"purchasable","17":"product-type-simple"},"_links":{"self":[{"href":"https:\/\/peekandpack.com\/es\/wp-json\/wp\/v2\/product\/13212","targetHints":{"allow":["GET"]}}],"collection":[{"href":"https:\/\/peekandpack.com\/es\/wp-json\/wp\/v2\/product"}],"about":[{"href":"https:\/\/peekandpack.com\/es\/wp-json\/wp\/v2\/types\/product"}],"replies":[{"embeddable":true,"href":"https:\/\/peekandpack.com\/es\/wp-json\/wp\/v2\/comments?post=13212"}],"wp:featuredmedia":[{"embeddable":true,"href":"https:\/\/peekandpack.com\/es\/wp-json\/wp\/v2\/media\/13209"}],"wp:attachment":[{"href":"https:\/\/peekandpack.com\/es\/wp-json\/wp\/v2\/media?parent=13212"}],"wp:term":[{"taxonomy":"post_tag","embeddable":true,"href":"https:\/\/peekandpack.com\/es\/wp-json\/wp\/v2\/tags?post=13212"},{"taxonomy":"product_brand","embeddable":true,"href":"https:\/\/peekandpack.com\/es\/wp-json\/wp\/v2\/product_brand?post=13212"},{"taxonomy":"product_cat","embeddable":true,"href":"https:\/\/peekandpack.com\/es\/wp-json\/wp\/v2\/product_cat?post=13212"}],"curies":[{"name":"wp","href":"https:\/\/api.w.org\/{rel}","templated":true}]}}