{"id":13037,"date":"2022-05-24T13:37:09","date_gmt":"2022-05-24T13:39:17","guid":{"rendered":"https:\/\/peekandpack.com\/?post_type=product&#038;p=13037"},"modified":"2022-05-24T13:40:12","modified_gmt":"2022-05-24T13:40:12","slug":"mural-kanako-diseno-de-tiffany-bouelle-para-mues-design","status":"publish","type":"product","link":"https:\/\/peekandpack.com\/es\/producto\/mural-kanako-diseno-de-tiffany-bouelle-para-mues-design\/","title":{"rendered":"Mural KANAKO dise\u00f1o de Tiffany Bouelle para Mues Design"},"content":{"rendered":"<p>KANAKO significa \u00abla belleza de ser un erudito\u00bb o \u00abbelleza extrema\u00bb en japon\u00e9s, tambi\u00e9n es el primer nombre de la madre de Tiffany Bouelle. Obra original creada especialmente por Tiffany para MUES Design.<\/p>\n<p>KANAKO es un elegante ballet de trazos descendentes que forma parte de una obra inspirada en las \u00abnoren\u00bb japonesas, cortinas cortas de lona dise\u00f1adas a menudo como un d\u00edptico y tradicionalmente colgadas en la entrada de tiendas y casas. en Jap\u00f3n.<\/p>\n<p>Antes de ser fotografiada por nuestro estudio, la obra fue pintada por el artista en formato muy grande, plana y en el suelo, directamente sobre el suelo de parquet de su estudio parisino, en seis grandes hojas de papel A1 yuxtapuestas. Sus pies descalzos en contacto directo con su soporte, arrullada por los crujidos de su piso de parquet, Tiffany Bouelle vino a acariciar el papel con su pincel plano para trazar en pintura acr\u00edlica azul un soberbio entrelazamiento de gr\u00e1ciles curvas, tanto vegetales como femeninas.<\/p>\n<p>Opciones : A, B o C<\/p>\n<p>Tama\u00f1o: 300x280cm Alt.<\/p>\n<p>Mural compuesto por 5 tiras de 60 x 280 cm<\/p>\n<p>entrega: 3-4 semanas<\/p>\n<p>Hecho en Francia<\/p>\n<p>wallpaper<\/p>\n","protected":false},"excerpt":{"rendered":"<p>Mural Kanako de Tiffany Bouelle<\/p>\n","protected":false},"featured_media":13026,"comment_status":"closed","ping_status":"closed","template":"","meta":[],"tags":[],"product_brand":[],"product_cat":[49,27,96,18,17],"class_list":{"0":"post-13037","1":"product","2":"type-product","3":"status-publish","4":"has-post-thumbnail","6":"product_cat-decotextiles-es","7":"product_cat-plus250","8":"product_cat-papel-pintado","9":"product_cat-peek","10":"product_cat-currentmonth","11":"product_shipping_class-standard-shipping-es","13":"first","14":"instock","15":"taxable","16":"shipping-taxable","17":"purchasable","18":"product-type-variable"},"_links":{"self":[{"href":"https:\/\/peekandpack.com\/es\/wp-json\/wp\/v2\/product\/13037","targetHints":{"allow":["GET"]}}],"collection":[{"href":"https:\/\/peekandpack.com\/es\/wp-json\/wp\/v2\/product"}],"about":[{"href":"https:\/\/peekandpack.com\/es\/wp-json\/wp\/v2\/types\/product"}],"replies":[{"embeddable":true,"href":"https:\/\/peekandpack.com\/es\/wp-json\/wp\/v2\/comments?post=13037"}],"wp:featuredmedia":[{"embeddable":true,"href":"https:\/\/peekandpack.com\/es\/wp-json\/wp\/v2\/media\/13026"}],"wp:attachment":[{"href":"https:\/\/peekandpack.com\/es\/wp-json\/wp\/v2\/media?parent=13037"}],"wp:term":[{"taxonomy":"post_tag","embeddable":true,"href":"https:\/\/peekandpack.com\/es\/wp-json\/wp\/v2\/tags?post=13037"},{"taxonomy":"product_brand","embeddable":true,"href":"https:\/\/peekandpack.com\/es\/wp-json\/wp\/v2\/product_brand?post=13037"},{"taxonomy":"product_cat","embeddable":true,"href":"https:\/\/peekandpack.com\/es\/wp-json\/wp\/v2\/product_cat?post=13037"}],"curies":[{"name":"wp","href":"https:\/\/api.w.org\/{rel}","templated":true}]}}