{"id":13012,"date":"2022-05-24T11:34:06","date_gmt":"2022-05-24T11:36:23","guid":{"rendered":"https:\/\/peekandpack.com\/?post_type=product&#038;p=13012"},"modified":"2022-05-24T11:37:03","modified_gmt":"2022-05-24T11:37:03","slug":"aplique-mimbre-50","status":"publish","type":"product","link":"https:\/\/peekandpack.com\/es\/producto\/aplique-mimbre-50\/","title":{"rendered":"Aplique mimbre 50"},"content":{"rendered":"<p>Precioso aplique de pared realizado en mimbre natural y un peque\u00f1o bot\u00f3n met\u00e1lico, disponible en negro o dorado.<\/p>\n<p>Dise\u00f1o de Aromas del Campo<\/p>\n<p>Medidas: di\u00e1metro 50cm x 18cm de fondo<\/p>\n<p>Entrega: 3-4 semanas<\/p>\n<p>Tambi\u00e9n disponible en di\u00e1metro 30cm<\/p>\n","protected":false},"excerpt":{"rendered":"<p>Aplique de mimbre natural<\/p>\n","protected":false},"featured_media":13007,"comment_status":"closed","ping_status":"closed","template":"","meta":[],"tags":[],"product_brand":[],"product_cat":[50,27,18,17],"class_list":{"0":"post-13012","1":"product","2":"type-product","3":"status-publish","4":"has-post-thumbnail","6":"product_cat-lamparas-infantiles","7":"product_cat-plus250","8":"product_cat-peek","9":"product_cat-currentmonth","10":"product_shipping_class-furniture-es","12":"first","13":"instock","14":"taxable","15":"shipping-taxable","16":"purchasable","17":"product-type-variable"},"_links":{"self":[{"href":"https:\/\/peekandpack.com\/es\/wp-json\/wp\/v2\/product\/13012","targetHints":{"allow":["GET"]}}],"collection":[{"href":"https:\/\/peekandpack.com\/es\/wp-json\/wp\/v2\/product"}],"about":[{"href":"https:\/\/peekandpack.com\/es\/wp-json\/wp\/v2\/types\/product"}],"replies":[{"embeddable":true,"href":"https:\/\/peekandpack.com\/es\/wp-json\/wp\/v2\/comments?post=13012"}],"wp:featuredmedia":[{"embeddable":true,"href":"https:\/\/peekandpack.com\/es\/wp-json\/wp\/v2\/media\/13007"}],"wp:attachment":[{"href":"https:\/\/peekandpack.com\/es\/wp-json\/wp\/v2\/media?parent=13012"}],"wp:term":[{"taxonomy":"post_tag","embeddable":true,"href":"https:\/\/peekandpack.com\/es\/wp-json\/wp\/v2\/tags?post=13012"},{"taxonomy":"product_brand","embeddable":true,"href":"https:\/\/peekandpack.com\/es\/wp-json\/wp\/v2\/product_brand?post=13012"},{"taxonomy":"product_cat","embeddable":true,"href":"https:\/\/peekandpack.com\/es\/wp-json\/wp\/v2\/product_cat?post=13012"}],"curies":[{"name":"wp","href":"https:\/\/api.w.org\/{rel}","templated":true}]}}