{"id":12993,"date":"2022-05-24T10:17:11","date_gmt":"2022-05-24T10:19:54","guid":{"rendered":"https:\/\/peekandpack.com\/?post_type=product&#038;p=12993"},"modified":"2022-05-24T10:20:17","modified_gmt":"2022-05-24T10:20:17","slug":"papel-pintado-odalisque","status":"publish","type":"product","link":"https:\/\/peekandpack.com\/es\/producto\/papel-pintado-odalisque\/","title":{"rendered":"Papel Pintado Odalisque"},"content":{"rendered":"<p>Un tesoro que proviene de los archivos de Brand, esta peque\u00f1a ilustraci\u00f3n se hizo con cray\u00f3n y acuarela y se encontr\u00f3 en un peque\u00f1o rinc\u00f3n de uno de los estudios de dibujo de Desmond. El estampado da rienda suelta a la imaginaci\u00f3n: conchas marinas, nubes, la silueta de una mujer\u2026 una aut\u00e9ntica bellaza.<\/p>\n<p>Dise\u00f1ado dentro de\u00a0 la coleccion\u00a0 Diptique para Bien Fait Paris.<\/p>\n<p>Se vende en rollos de 60 cm de ancho, 10 m de largo.<br \/>\nConexi\u00f3n vertical: 60,27<\/p>\n<p>Entrega: 3 semanas<\/p>\n<p>Wallpaper<\/p>\n","protected":false},"excerpt":{"rendered":"<p>Papel Pintado Odalisque<\/p>\n","protected":false},"featured_media":12988,"comment_status":"closed","ping_status":"closed","template":"","meta":[],"tags":[],"product_brand":[],"product_cat":[49,27,96,18,17],"class_list":{"0":"post-12993","1":"product","2":"type-product","3":"status-publish","4":"has-post-thumbnail","6":"product_cat-decotextiles-es","7":"product_cat-plus250","8":"product_cat-papel-pintado","9":"product_cat-peek","10":"product_cat-currentmonth","11":"product_shipping_class-standard-shipping-es","13":"first","14":"instock","15":"taxable","16":"shipping-taxable","17":"purchasable","18":"product-type-simple"},"_links":{"self":[{"href":"https:\/\/peekandpack.com\/es\/wp-json\/wp\/v2\/product\/12993","targetHints":{"allow":["GET"]}}],"collection":[{"href":"https:\/\/peekandpack.com\/es\/wp-json\/wp\/v2\/product"}],"about":[{"href":"https:\/\/peekandpack.com\/es\/wp-json\/wp\/v2\/types\/product"}],"replies":[{"embeddable":true,"href":"https:\/\/peekandpack.com\/es\/wp-json\/wp\/v2\/comments?post=12993"}],"wp:featuredmedia":[{"embeddable":true,"href":"https:\/\/peekandpack.com\/es\/wp-json\/wp\/v2\/media\/12988"}],"wp:attachment":[{"href":"https:\/\/peekandpack.com\/es\/wp-json\/wp\/v2\/media?parent=12993"}],"wp:term":[{"taxonomy":"post_tag","embeddable":true,"href":"https:\/\/peekandpack.com\/es\/wp-json\/wp\/v2\/tags?post=12993"},{"taxonomy":"product_brand","embeddable":true,"href":"https:\/\/peekandpack.com\/es\/wp-json\/wp\/v2\/product_brand?post=12993"},{"taxonomy":"product_cat","embeddable":true,"href":"https:\/\/peekandpack.com\/es\/wp-json\/wp\/v2\/product_cat?post=12993"}],"curies":[{"name":"wp","href":"https:\/\/api.w.org\/{rel}","templated":true}]}}