{"id":12979,"date":"2022-05-23T17:56:38","date_gmt":"2022-05-23T18:02:44","guid":{"rendered":"https:\/\/peekandpack.com\/?post_type=product&#038;p=12979"},"modified":"2022-05-24T10:22:04","modified_gmt":"2022-05-24T10:22:04","slug":"mural-the-wild-de-bien-fait","status":"publish","type":"product","link":"https:\/\/peekandpack.com\/es\/producto\/mural-the-wild-de-bien-fait\/","title":{"rendered":"Mural The Wild de Bien Fait"},"content":{"rendered":"<p>Mural The Wild dise\u00f1o de Bien Fait Paris. Ad\u00e9ntrate en un mundo selv\u00e1tico alucinante.<\/p>\n<p>Inspirado por el artista Henri Rousseau, pintor franc\u00e9s y un referente del arte naif.<\/p>\n<p>Exuberante selva que se dibuja en blanco y negro, dando un aire ex\u00f3tico y fresco.<\/p>\n<p>Opciones disponibles:<\/p>\n<p>Medidas: 180 cm ancho x 280 cm alto.<\/p>\n<p>Medidas: 240cm de ancho x 280cm de alto<\/p>\n<p>Medidas: 360cm de ancho x 280cm de alto<\/p>\n<p>Papel mate de 190 gr.<\/p>\n<p>Fabricado y dise\u00f1ado en Francia.<\/p>\n<p>Muy resistente y f\u00e1cil instalaci\u00f3n.<\/p>\n<p>Entrega: 3-4 semanas<\/p>\n<p>wallpaper<\/p>\n","protected":false},"excerpt":{"rendered":"<p>Mural The Wild Bien Fait Paris<\/p>\n","protected":false},"featured_media":12970,"comment_status":"closed","ping_status":"closed","template":"","meta":[],"tags":[],"product_brand":[],"product_cat":[49,98,27,26,96,18,17],"class_list":{"0":"post-12979","1":"product","2":"type-product","3":"status-publish","4":"has-post-thumbnail","6":"product_cat-decotextiles-es","7":"product_cat-destacado-en-la-home","8":"product_cat-plus250","9":"product_cat-minus240","10":"product_cat-papel-pintado","11":"product_cat-peek","12":"product_cat-currentmonth","13":"product_shipping_class-standard-shipping-es","15":"first","16":"instock","17":"taxable","18":"shipping-taxable","19":"purchasable","20":"product-type-variable"},"_links":{"self":[{"href":"https:\/\/peekandpack.com\/es\/wp-json\/wp\/v2\/product\/12979","targetHints":{"allow":["GET"]}}],"collection":[{"href":"https:\/\/peekandpack.com\/es\/wp-json\/wp\/v2\/product"}],"about":[{"href":"https:\/\/peekandpack.com\/es\/wp-json\/wp\/v2\/types\/product"}],"replies":[{"embeddable":true,"href":"https:\/\/peekandpack.com\/es\/wp-json\/wp\/v2\/comments?post=12979"}],"wp:featuredmedia":[{"embeddable":true,"href":"https:\/\/peekandpack.com\/es\/wp-json\/wp\/v2\/media\/12970"}],"wp:attachment":[{"href":"https:\/\/peekandpack.com\/es\/wp-json\/wp\/v2\/media?parent=12979"}],"wp:term":[{"taxonomy":"post_tag","embeddable":true,"href":"https:\/\/peekandpack.com\/es\/wp-json\/wp\/v2\/tags?post=12979"},{"taxonomy":"product_brand","embeddable":true,"href":"https:\/\/peekandpack.com\/es\/wp-json\/wp\/v2\/product_brand?post=12979"},{"taxonomy":"product_cat","embeddable":true,"href":"https:\/\/peekandpack.com\/es\/wp-json\/wp\/v2\/product_cat?post=12979"}],"curies":[{"name":"wp","href":"https:\/\/api.w.org\/{rel}","templated":true}]}}