{"id":12941,"date":"2022-05-16T11:22:23","date_gmt":"2022-05-16T11:25:45","guid":{"rendered":"https:\/\/peekandpack.com\/?post_type=product&#038;p=12941"},"modified":"2022-05-16T11:28:53","modified_gmt":"2022-05-16T11:28:53","slug":"step-up-de-nofred","status":"publish","type":"product","link":"https:\/\/peekandpack.com\/es\/producto\/step-up-de-nofred\/","title":{"rendered":"Step Up de NOFRED"},"content":{"rendered":"<p>El dise\u00f1o de\u00a0 Step Up por parte de NOFRED es tan necesario&#8230; una mano amiga para aquellos lugares fuera del alcance de los m\u00e1s peques de la casa. Para la cocina, el dormitorio o el ba\u00f1o, Step Up es todo lo que tus hijos necesitan para sentirse mayores. Step Up apoya el desarrollo de tu hijo, involucr\u00e1ndolo en las rutinas diarias en un ambiente seguro y divertido.<\/p>\n<p>El peque\u00f1o &#8216;ayudante&#8217; es genial para ayudar a los peque\u00f1os a alcanzar sus sue\u00f1os&#8230;<\/p>\n<p>Colores: beige y verde oliva<\/p>\n<p>Dise\u00f1o dan\u00e9s de Nofred<\/p>\n<p>Env\u00edo: 6-8 d\u00edas<\/p>\n","protected":false},"excerpt":{"rendered":"<p>Step up de NOFRED<\/p>\n","protected":false},"featured_media":12932,"comment_status":"closed","ping_status":"closed","template":"","meta":[],"tags":[],"product_brand":[],"product_cat":[51,25,18,17],"class_list":{"0":"post-12941","1":"product","2":"type-product","3":"status-publish","4":"has-post-thumbnail","6":"product_cat-juguetes-originales","7":"product_cat-minus90","8":"product_cat-peek","9":"product_cat-currentmonth","11":"first","12":"instock","13":"taxable","14":"shipping-taxable","15":"purchasable","16":"product-type-variable"},"_links":{"self":[{"href":"https:\/\/peekandpack.com\/es\/wp-json\/wp\/v2\/product\/12941","targetHints":{"allow":["GET"]}}],"collection":[{"href":"https:\/\/peekandpack.com\/es\/wp-json\/wp\/v2\/product"}],"about":[{"href":"https:\/\/peekandpack.com\/es\/wp-json\/wp\/v2\/types\/product"}],"replies":[{"embeddable":true,"href":"https:\/\/peekandpack.com\/es\/wp-json\/wp\/v2\/comments?post=12941"}],"wp:featuredmedia":[{"embeddable":true,"href":"https:\/\/peekandpack.com\/es\/wp-json\/wp\/v2\/media\/12932"}],"wp:attachment":[{"href":"https:\/\/peekandpack.com\/es\/wp-json\/wp\/v2\/media?parent=12941"}],"wp:term":[{"taxonomy":"post_tag","embeddable":true,"href":"https:\/\/peekandpack.com\/es\/wp-json\/wp\/v2\/tags?post=12941"},{"taxonomy":"product_brand","embeddable":true,"href":"https:\/\/peekandpack.com\/es\/wp-json\/wp\/v2\/product_brand?post=12941"},{"taxonomy":"product_cat","embeddable":true,"href":"https:\/\/peekandpack.com\/es\/wp-json\/wp\/v2\/product_cat?post=12941"}],"curies":[{"name":"wp","href":"https:\/\/api.w.org\/{rel}","templated":true}]}}