{"id":12885,"date":"2022-05-16T09:51:04","date_gmt":"2022-05-16T09:55:03","guid":{"rendered":"https:\/\/peekandpack.com\/?post_type=product&#038;p=12885"},"modified":"2022-05-16T09:56:08","modified_gmt":"2022-05-16T09:56:08","slug":"estante-para-libros-de-nofred","status":"publish","type":"product","link":"https:\/\/peekandpack.com\/es\/producto\/estante-para-libros-de-nofred\/","title":{"rendered":"ESTANTE PARA LIBROS DE NOFRED"},"content":{"rendered":"<p>Es genial leer con sus hijos, pero llega un momento en que las pilas de libros crecen demasiado y es hora de repensar y reorganizar. Este soporte para libros de NOFRED es una forma de mostrar los libros de tus hijos de forma decorativa, a una altura baja donde puedan alcanzar sus cuentos favoritos y a mano.<\/p>\n<p>El soporte para libros para ni\u00f1os puede hacer m\u00e1s que solo proporcionar un bonito almacenamiento para nuestras crecientes bibliotecas dom\u00e9sticas, puede animar a los ni\u00f1os a enamorarse de la lectura. The Book Holder es una peque\u00f1a biblioteca port\u00e1til, ellos mismos pueden colocarlos a su antojo y llevarla por cualquier lugar de la casa.<\/p>\n<p>Colores: Beige y Verde oliva<\/p>\n<p>Env\u00edos: 6 &#8211; 8 d\u00edas<\/p>\n<p>Dise\u00f1o dan\u00e9s de NOFRED<\/p>\n","protected":false},"excerpt":{"rendered":"<p>Estante de libros NOFRED<\/p>\n","protected":false},"featured_media":12878,"comment_status":"closed","ping_status":"closed","template":"","meta":[],"tags":[],"product_brand":[],"product_cat":[49,51,26,55,18,17],"class_list":{"0":"post-12885","1":"product","2":"type-product","3":"status-publish","4":"has-post-thumbnail","6":"product_cat-decotextiles-es","7":"product_cat-juguetes-originales","8":"product_cat-minus240","9":"product_cat-mobiliario-infantil","10":"product_cat-peek","11":"product_cat-currentmonth","12":"product_shipping_class-standard-shipping-es","14":"first","15":"instock","16":"taxable","17":"shipping-taxable","18":"purchasable","19":"product-type-variable"},"_links":{"self":[{"href":"https:\/\/peekandpack.com\/es\/wp-json\/wp\/v2\/product\/12885","targetHints":{"allow":["GET"]}}],"collection":[{"href":"https:\/\/peekandpack.com\/es\/wp-json\/wp\/v2\/product"}],"about":[{"href":"https:\/\/peekandpack.com\/es\/wp-json\/wp\/v2\/types\/product"}],"replies":[{"embeddable":true,"href":"https:\/\/peekandpack.com\/es\/wp-json\/wp\/v2\/comments?post=12885"}],"wp:featuredmedia":[{"embeddable":true,"href":"https:\/\/peekandpack.com\/es\/wp-json\/wp\/v2\/media\/12878"}],"wp:attachment":[{"href":"https:\/\/peekandpack.com\/es\/wp-json\/wp\/v2\/media?parent=12885"}],"wp:term":[{"taxonomy":"post_tag","embeddable":true,"href":"https:\/\/peekandpack.com\/es\/wp-json\/wp\/v2\/tags?post=12885"},{"taxonomy":"product_brand","embeddable":true,"href":"https:\/\/peekandpack.com\/es\/wp-json\/wp\/v2\/product_brand?post=12885"},{"taxonomy":"product_cat","embeddable":true,"href":"https:\/\/peekandpack.com\/es\/wp-json\/wp\/v2\/product_cat?post=12885"}],"curies":[{"name":"wp","href":"https:\/\/api.w.org\/{rel}","templated":true}]}}