{"id":12862,"date":"2022-05-11T10:09:06","date_gmt":"2022-05-11T10:11:24","guid":{"rendered":"https:\/\/peekandpack.com\/?post_type=product&#038;p=12862"},"modified":"2022-05-24T10:23:18","modified_gmt":"2022-05-24T10:23:18","slug":"papel-pintado-crayon-de-bien-fait","status":"publish","type":"product","link":"https:\/\/peekandpack.com\/es\/producto\/papel-pintado-crayon-de-bien-fait\/","title":{"rendered":"Papel Pintado Crayon de Bien Fait"},"content":{"rendered":"<p>Un dibujado a mano alzada con nuestros queridos l\u00e1pices de colores, un motivo facetado con suaves matices geom\u00e9tricos, dejando el poder del color en el centro del escenario. Una vez m\u00e1s, la ampliaci\u00f3n es una declaraci\u00f3n y est\u00e1 ennobleciendo el vocabulario de Wallcovering.<\/p>\n<p>Este papel pintado est\u00e1 disponible en tama\u00f1o est\u00e1ndar.<br \/>\nAncho 180 x Alto 280 cm \/ Ancho 70,8 x Alto 110,2 pulgadas (3 tiras).<br \/>\nLos paquetes se conectan entre s\u00ed.<br \/>\nTambi\u00e9n disponible en tama\u00f1o a medida para paredes m\u00e1s altas, a consultar.<\/p>\n<p>Env\u00edos 3 &#8211; 4 semanas<\/p>\n<p>Wallpaper<\/p>\n","protected":false},"excerpt":{"rendered":"<p>Papel Pintado Crayon de Bien Fait<\/p>\n","protected":false},"featured_media":12849,"comment_status":"closed","ping_status":"closed","template":"","meta":[],"tags":[],"product_brand":[],"product_cat":[49,27,96,18,17],"class_list":{"0":"post-12862","1":"product","2":"type-product","3":"status-publish","4":"has-post-thumbnail","6":"product_cat-decotextiles-es","7":"product_cat-plus250","8":"product_cat-papel-pintado","9":"product_cat-peek","10":"product_cat-currentmonth","11":"product_shipping_class-standard-shipping-es","13":"first","14":"instock","15":"taxable","16":"shipping-taxable","17":"purchasable","18":"product-type-variable"},"_links":{"self":[{"href":"https:\/\/peekandpack.com\/es\/wp-json\/wp\/v2\/product\/12862","targetHints":{"allow":["GET"]}}],"collection":[{"href":"https:\/\/peekandpack.com\/es\/wp-json\/wp\/v2\/product"}],"about":[{"href":"https:\/\/peekandpack.com\/es\/wp-json\/wp\/v2\/types\/product"}],"replies":[{"embeddable":true,"href":"https:\/\/peekandpack.com\/es\/wp-json\/wp\/v2\/comments?post=12862"}],"wp:featuredmedia":[{"embeddable":true,"href":"https:\/\/peekandpack.com\/es\/wp-json\/wp\/v2\/media\/12849"}],"wp:attachment":[{"href":"https:\/\/peekandpack.com\/es\/wp-json\/wp\/v2\/media?parent=12862"}],"wp:term":[{"taxonomy":"post_tag","embeddable":true,"href":"https:\/\/peekandpack.com\/es\/wp-json\/wp\/v2\/tags?post=12862"},{"taxonomy":"product_brand","embeddable":true,"href":"https:\/\/peekandpack.com\/es\/wp-json\/wp\/v2\/product_brand?post=12862"},{"taxonomy":"product_cat","embeddable":true,"href":"https:\/\/peekandpack.com\/es\/wp-json\/wp\/v2\/product_cat?post=12862"}],"curies":[{"name":"wp","href":"https:\/\/api.w.org\/{rel}","templated":true}]}}