{"id":12809,"date":"2022-04-20T16:09:40","date_gmt":"2022-04-20T16:12:24","guid":{"rendered":"https:\/\/peekandpack.com\/?post_type=product&#038;p=12809"},"modified":"2022-04-20T16:16:18","modified_gmt":"2022-04-20T16:16:18","slug":"mural-selva-color-anis-de-kariokas","status":"publish","type":"product","link":"https:\/\/peekandpack.com\/es\/producto\/mural-selva-color-anis-de-kariokas\/","title":{"rendered":"Mural Selva color anis de Kariokas"},"content":{"rendered":"<p>Papel pintado de impresi\u00f3n digital no tejido de alta calidad.<\/p>\n<p>Ancho: 450 cm\/177,165 pulgadas<\/p>\n<p>Altura: 300 cm\/118,11 pulgadas<\/p>\n<p>El Papel Pintado Panor\u00e1mico completo se divide en 3 rollos de 50 cm x 1000 cm (19,7&#215;393,7 In), cada uno de ellos dividido en 3 paneles de 50 x 300 cm (19,7 x 118,11 In), ABC, DEF, GHI<\/p>\n<p>La superficie total de la pared cubierta por 3 rollos es de 450 cm x 300 cm (117,165 x 118,11 pulgadas)<\/p>\n<p>Repetibilidad: Los paneles I y A se pueden ensamblar uno al lado del otro, encajan perfectamente.<\/p>\n<p>El papel pintado se repite cada 450 cm \/ 1177.165 Inc<\/p>\n<p>Papel mate de alta calidad- Peso: 150 gr\/m2. Lavable con esponja h\u00fameda.<\/p>\n<p>Fabricado en Francia.<\/p>\n<p>M\u00e9todo para colgar: pegar la pared.<\/p>\n<p>Ign\u00edfugo, certificado UE.<\/p>\n<p>Tama\u00f1o personalizado disponible bajo demanda.<\/p>\n<p>El papel pintado panor\u00e1mico Selva nos transporta a las selvas de Am\u00e9rica Latina, con su exuberante fauna y flora. Los animales emblem\u00e1ticos de KARIOKAS juegan entre ramas y flores de colores.<\/p>\n<p>Entregas en 3 &#8211; 4 semanas.<\/p>\n","protected":false},"excerpt":{"rendered":"<p>Mural Selva color anis de Kariokas<\/p>\n","protected":false},"featured_media":12806,"comment_status":"closed","ping_status":"closed","template":"","meta":[],"tags":[],"product_brand":[],"product_cat":[27,96,18,17],"class_list":{"0":"post-12809","1":"product","2":"type-product","3":"status-publish","4":"has-post-thumbnail","6":"product_cat-plus250","7":"product_cat-papel-pintado","8":"product_cat-peek","9":"product_cat-currentmonth","10":"product_shipping_class-standard-shipping-es","12":"first","13":"instock","14":"taxable","15":"shipping-taxable","16":"purchasable","17":"product-type-simple"},"_links":{"self":[{"href":"https:\/\/peekandpack.com\/es\/wp-json\/wp\/v2\/product\/12809","targetHints":{"allow":["GET"]}}],"collection":[{"href":"https:\/\/peekandpack.com\/es\/wp-json\/wp\/v2\/product"}],"about":[{"href":"https:\/\/peekandpack.com\/es\/wp-json\/wp\/v2\/types\/product"}],"replies":[{"embeddable":true,"href":"https:\/\/peekandpack.com\/es\/wp-json\/wp\/v2\/comments?post=12809"}],"wp:featuredmedia":[{"embeddable":true,"href":"https:\/\/peekandpack.com\/es\/wp-json\/wp\/v2\/media\/12806"}],"wp:attachment":[{"href":"https:\/\/peekandpack.com\/es\/wp-json\/wp\/v2\/media?parent=12809"}],"wp:term":[{"taxonomy":"post_tag","embeddable":true,"href":"https:\/\/peekandpack.com\/es\/wp-json\/wp\/v2\/tags?post=12809"},{"taxonomy":"product_brand","embeddable":true,"href":"https:\/\/peekandpack.com\/es\/wp-json\/wp\/v2\/product_brand?post=12809"},{"taxonomy":"product_cat","embeddable":true,"href":"https:\/\/peekandpack.com\/es\/wp-json\/wp\/v2\/product_cat?post=12809"}],"curies":[{"name":"wp","href":"https:\/\/api.w.org\/{rel}","templated":true}]}}