{"id":12741,"date":"2022-04-04T12:03:27","date_gmt":"2022-04-04T12:06:06","guid":{"rendered":"https:\/\/peekandpack.com\/?post_type=product&#038;p=12741"},"modified":"2022-04-04T12:07:16","modified_gmt":"2022-04-04T12:07:16","slug":"papel-pintado-eden-de-bien-fait","status":"publish","type":"product","link":"https:\/\/peekandpack.com\/es\/producto\/papel-pintado-eden-de-bien-fait\/","title":{"rendered":"Papel Pintado Eden de Bien Fait"},"content":{"rendered":"<p>Con el esp\u00edritu de un bordado que cuenta la historia de una vida sencilla, como una manta campesina, una pieza de tela inspirada en la cultura popular. A petici\u00f3n de la propia\u00a0 C\u00e9cile Figuette, Noemie Klein produce varios dibujos originales que luego se ensamblan para componer un motivo como un tejido bordado, donde la figura femenina, que ocupa un lugar central, brilla con sabidur\u00eda y amor.<\/p>\n<p>Este papel pintado est\u00e1 disponible en un tama\u00f1o est\u00e1ndar que se puede conectar (el patr\u00f3n se repite cada 60 cm) &#8211; XS: W.120 x H.280 cm (2 tiras de 60 cm x H.280 cm)<\/p>\n<p>Colores: Marfil, T\u00e9, Nilo y Terracota<\/p>\n<p>Entrega: 3-4 semanas<\/p>\n<p>Hecho en Francia<\/p>\n","protected":false},"excerpt":{"rendered":"<p>Papel Pintado Ede de Bien Fait<\/p>\n","protected":false},"featured_media":12740,"comment_status":"closed","ping_status":"closed","template":"","meta":[],"tags":[],"product_brand":[],"product_cat":[49,26,96,18,17],"class_list":{"0":"post-12741","1":"product","2":"type-product","3":"status-publish","4":"has-post-thumbnail","6":"product_cat-decotextiles-es","7":"product_cat-minus240","8":"product_cat-papel-pintado","9":"product_cat-peek","10":"product_cat-currentmonth","12":"first","13":"instock","14":"taxable","15":"shipping-taxable","16":"purchasable","17":"product-type-variable"},"_links":{"self":[{"href":"https:\/\/peekandpack.com\/es\/wp-json\/wp\/v2\/product\/12741","targetHints":{"allow":["GET"]}}],"collection":[{"href":"https:\/\/peekandpack.com\/es\/wp-json\/wp\/v2\/product"}],"about":[{"href":"https:\/\/peekandpack.com\/es\/wp-json\/wp\/v2\/types\/product"}],"replies":[{"embeddable":true,"href":"https:\/\/peekandpack.com\/es\/wp-json\/wp\/v2\/comments?post=12741"}],"wp:featuredmedia":[{"embeddable":true,"href":"https:\/\/peekandpack.com\/es\/wp-json\/wp\/v2\/media\/12740"}],"wp:attachment":[{"href":"https:\/\/peekandpack.com\/es\/wp-json\/wp\/v2\/media?parent=12741"}],"wp:term":[{"taxonomy":"post_tag","embeddable":true,"href":"https:\/\/peekandpack.com\/es\/wp-json\/wp\/v2\/tags?post=12741"},{"taxonomy":"product_brand","embeddable":true,"href":"https:\/\/peekandpack.com\/es\/wp-json\/wp\/v2\/product_brand?post=12741"},{"taxonomy":"product_cat","embeddable":true,"href":"https:\/\/peekandpack.com\/es\/wp-json\/wp\/v2\/product_cat?post=12741"}],"curies":[{"name":"wp","href":"https:\/\/api.w.org\/{rel}","templated":true}]}}