{"id":12719,"date":"2022-04-04T11:38:38","date_gmt":"2022-04-04T11:41:37","guid":{"rendered":"https:\/\/peekandpack.com\/?post_type=product&#038;p=12719"},"modified":"2022-04-04T12:11:43","modified_gmt":"2022-04-04T12:11:43","slug":"papel-pintado-asana-de-bien-fao","status":"publish","type":"product","link":"https:\/\/peekandpack.com\/es\/producto\/papel-pintado-asana-de-bien-fao\/","title":{"rendered":"Papel Pintado Asana de Bien Fait"},"content":{"rendered":"<p>(Del vocabulario de Yoga: Asana significa Postura)<\/p>\n<p>Aqu\u00ed, la l\u00ednea est\u00e1 coloreada a mano con l\u00e1pices de colores, como un camino de meditaci\u00f3n, un ritmo, una cinta, que atrae la mirada e invita a la alegr\u00eda.<br \/>\nHar\u00e1 las delicias de las habitaciones, animar\u00e1 los pasillos y las cocinas. Sencillo, optimista, alegre.<\/p>\n<p>Disponible en tama\u00f1o est\u00e1ndar 180x280H.<\/p>\n<p>Tambi\u00e9n disponible en tama\u00f1o a medida a consultar.<\/p>\n<p>Fabricado en Francia por Bien Fait.<\/p>\n<p>Entrega: 3-4 semanas<\/p>\n<p>Disponible en dos colores: CMJN y RVB<\/p>\n","protected":false},"excerpt":{"rendered":"<p>Papel Pintado Asana Bien Fait<\/p>\n","protected":false},"featured_media":12714,"comment_status":"closed","ping_status":"closed","template":"","meta":[],"tags":[],"product_brand":[],"product_cat":[49,27,96,18,17],"class_list":{"0":"post-12719","1":"product","2":"type-product","3":"status-publish","4":"has-post-thumbnail","6":"product_cat-decotextiles-es","7":"product_cat-plus250","8":"product_cat-papel-pintado","9":"product_cat-peek","10":"product_cat-currentmonth","12":"first","13":"instock","14":"taxable","15":"shipping-taxable","16":"purchasable","17":"product-type-variable"},"_links":{"self":[{"href":"https:\/\/peekandpack.com\/es\/wp-json\/wp\/v2\/product\/12719","targetHints":{"allow":["GET"]}}],"collection":[{"href":"https:\/\/peekandpack.com\/es\/wp-json\/wp\/v2\/product"}],"about":[{"href":"https:\/\/peekandpack.com\/es\/wp-json\/wp\/v2\/types\/product"}],"replies":[{"embeddable":true,"href":"https:\/\/peekandpack.com\/es\/wp-json\/wp\/v2\/comments?post=12719"}],"wp:featuredmedia":[{"embeddable":true,"href":"https:\/\/peekandpack.com\/es\/wp-json\/wp\/v2\/media\/12714"}],"wp:attachment":[{"href":"https:\/\/peekandpack.com\/es\/wp-json\/wp\/v2\/media?parent=12719"}],"wp:term":[{"taxonomy":"post_tag","embeddable":true,"href":"https:\/\/peekandpack.com\/es\/wp-json\/wp\/v2\/tags?post=12719"},{"taxonomy":"product_brand","embeddable":true,"href":"https:\/\/peekandpack.com\/es\/wp-json\/wp\/v2\/product_brand?post=12719"},{"taxonomy":"product_cat","embeddable":true,"href":"https:\/\/peekandpack.com\/es\/wp-json\/wp\/v2\/product_cat?post=12719"}],"curies":[{"name":"wp","href":"https:\/\/api.w.org\/{rel}","templated":true}]}}