{"id":12400,"date":"2022-01-17T12:37:46","date_gmt":"2022-01-17T12:42:01","guid":{"rendered":"https:\/\/peekandpack.com\/?post_type=product&#038;p=12400"},"modified":"2022-01-17T12:43:28","modified_gmt":"2022-01-17T12:43:28","slug":"papel-pintado-mono-divertido","status":"publish","type":"product","link":"https:\/\/peekandpack.com\/es\/producto\/papel-pintado-mono-divertido\/","title":{"rendered":"Papel Pintado Mono divertido"},"content":{"rendered":"<p>Bienvenido a la jungla: Dirigida y dise\u00f1ada por la\u00a0 ilustradora Marie Ass\u00e9nat de Par\u00eds.<\/p>\n<p>Este modelo de papel pintado creativo e inspirado en animales le permitir\u00e1 a tu\u00a0 hijo o hija\u00a0 jugar entre los divertidos monos, los leones gentiles y las peque\u00f1as serpientes descaradas en la pared!<\/p>\n<p>Y completamente sin miedo, solo por pura diversi\u00f3n.<\/p>\n<p>Maravilloso papel pintado para ni\u00f1os dise\u00f1o de Nofred, donde la magia tiene cabida cada d\u00eda.<\/p>\n<p>Colores disponibles: Beige y Azul<\/p>\n<p>Dise\u00f1o dan\u00e9s de Marie Ass\u00e9nat para Nofred, hecho en Europa<br \/>\nMEDIDAS: cada rollo A: 50cm x L: 100 cm (para cubrir unos 5 metros cuadrados)<\/p>\n<p>REPETICI\u00d3N DEL PATR\u00d3N: 50 cm x 50 cm, con una repetici\u00f3n cada 50 cm<\/p>\n<p>COLOR: Fondo beige con mezcla de colores<\/p>\n<p>MATERIAL: Impreso en papel mate 100% no tejido de 130 g, certificado FSC, lavable y ecol\u00f3gico, se incluye pasta de papel pintado lista para usar<\/p>\n<p>INFORMACI\u00d3N: Fabricado en Europa<\/p>\n","protected":false},"excerpt":{"rendered":"<p>Papel Pintado\u00a0 Mono divertido<\/p>\n","protected":false},"featured_media":12395,"comment_status":"closed","ping_status":"closed","template":"","meta":[],"tags":[],"product_brand":[],"product_cat":[49,26,96,18,17],"class_list":{"0":"post-12400","1":"product","2":"type-product","3":"status-publish","4":"has-post-thumbnail","6":"product_cat-decotextiles-es","7":"product_cat-minus240","8":"product_cat-papel-pintado","9":"product_cat-peek","10":"product_cat-currentmonth","11":"product_shipping_class-standard-shipping-es","13":"first","14":"instock","15":"taxable","16":"shipping-taxable","17":"purchasable","18":"product-type-variable"},"_links":{"self":[{"href":"https:\/\/peekandpack.com\/es\/wp-json\/wp\/v2\/product\/12400","targetHints":{"allow":["GET"]}}],"collection":[{"href":"https:\/\/peekandpack.com\/es\/wp-json\/wp\/v2\/product"}],"about":[{"href":"https:\/\/peekandpack.com\/es\/wp-json\/wp\/v2\/types\/product"}],"replies":[{"embeddable":true,"href":"https:\/\/peekandpack.com\/es\/wp-json\/wp\/v2\/comments?post=12400"}],"wp:featuredmedia":[{"embeddable":true,"href":"https:\/\/peekandpack.com\/es\/wp-json\/wp\/v2\/media\/12395"}],"wp:attachment":[{"href":"https:\/\/peekandpack.com\/es\/wp-json\/wp\/v2\/media?parent=12400"}],"wp:term":[{"taxonomy":"post_tag","embeddable":true,"href":"https:\/\/peekandpack.com\/es\/wp-json\/wp\/v2\/tags?post=12400"},{"taxonomy":"product_brand","embeddable":true,"href":"https:\/\/peekandpack.com\/es\/wp-json\/wp\/v2\/product_brand?post=12400"},{"taxonomy":"product_cat","embeddable":true,"href":"https:\/\/peekandpack.com\/es\/wp-json\/wp\/v2\/product_cat?post=12400"}],"curies":[{"name":"wp","href":"https:\/\/api.w.org\/{rel}","templated":true}]}}