{"id":12093,"date":"2021-06-30T09:38:04","date_gmt":"2021-06-30T09:40:22","guid":{"rendered":"https:\/\/peekandpack.com\/?post_type=product&#038;p=12093"},"modified":"2021-06-30T09:42:32","modified_gmt":"2021-06-30T09:42:32","slug":"papel-pintado-auguste-de-mues-design","status":"publish","type":"product","link":"https:\/\/peekandpack.com\/es\/producto\/papel-pintado-auguste-de-mues-design\/","title":{"rendered":"PAPEL PINTADO AUGUSTE DE MUES DESIGN"},"content":{"rendered":"<p>Aqu\u00ed est\u00e1 el modelo AUGUSTE, un papel pintado creado por\u00a0 Mues Design en los colores m\u00e1s incre\u00edbles.<\/p>\n<p>Elige el tuyo!<\/p>\n<p>Caracter\u00edsticas<br \/>\nPapel pintado lavable no tejido 147g \/ m2<br \/>\nF\u00e1cil y r\u00e1pido de instalar y quitar, consulte nuestra gu\u00eda de instalaci\u00f3n.<br \/>\nMateriales que respetan los est\u00e1ndares ambientales y de salud<br \/>\nTintas sin disolventes aptas para ni\u00f1os y lugares p\u00fablicos<br \/>\nFabricado en Francia<\/p>\n<p>Tama\u00f1o: 1 panel 60 \u00d7 280<\/p>\n<p>Entrega: 2-3 semanas<\/p>\n<p>&nbsp;<\/p>\n","protected":false},"excerpt":{"rendered":"<p>Papel Pintado Rayas de Mues Design<\/p>\n","protected":false},"featured_media":12076,"comment_status":"closed","ping_status":"closed","template":"","meta":[],"tags":[],"product_brand":[],"product_cat":[49,25,96,18,17],"class_list":{"0":"post-12093","1":"product","2":"type-product","3":"status-publish","4":"has-post-thumbnail","6":"product_cat-decotextiles-es","7":"product_cat-minus90","8":"product_cat-papel-pintado","9":"product_cat-peek","10":"product_cat-currentmonth","11":"product_shipping_class-standard-shipping-es","13":"first","14":"instock","15":"taxable","16":"shipping-taxable","17":"purchasable","18":"product-type-variable"},"_links":{"self":[{"href":"https:\/\/peekandpack.com\/es\/wp-json\/wp\/v2\/product\/12093","targetHints":{"allow":["GET"]}}],"collection":[{"href":"https:\/\/peekandpack.com\/es\/wp-json\/wp\/v2\/product"}],"about":[{"href":"https:\/\/peekandpack.com\/es\/wp-json\/wp\/v2\/types\/product"}],"replies":[{"embeddable":true,"href":"https:\/\/peekandpack.com\/es\/wp-json\/wp\/v2\/comments?post=12093"}],"wp:featuredmedia":[{"embeddable":true,"href":"https:\/\/peekandpack.com\/es\/wp-json\/wp\/v2\/media\/12076"}],"wp:attachment":[{"href":"https:\/\/peekandpack.com\/es\/wp-json\/wp\/v2\/media?parent=12093"}],"wp:term":[{"taxonomy":"post_tag","embeddable":true,"href":"https:\/\/peekandpack.com\/es\/wp-json\/wp\/v2\/tags?post=12093"},{"taxonomy":"product_brand","embeddable":true,"href":"https:\/\/peekandpack.com\/es\/wp-json\/wp\/v2\/product_brand?post=12093"},{"taxonomy":"product_cat","embeddable":true,"href":"https:\/\/peekandpack.com\/es\/wp-json\/wp\/v2\/product_cat?post=12093"}],"curies":[{"name":"wp","href":"https:\/\/api.w.org\/{rel}","templated":true}]}}